{"id":876,"date":"2021-01-05T14:13:37","date_gmt":"2021-01-05T11:13:37","guid":{"rendered":"http:\/\/luwi-co.com\/?page_id=876"},"modified":"2021-01-27T00:23:23","modified_gmt":"2021-01-26T21:23:23","slug":"ms","status":"publish","type":"page","link":"https:\/\/luwi-co.com\/?page_id=876","title":{"rendered":"Markala\u015fma S\u00fcreci"},"content":{"rendered":"\t\t<div data-elementor-type=\"wp-page\" data-elementor-id=\"876\" class=\"elementor elementor-876\">\n\t\t\t\t\t\t<div class=\"elementor-inner\">\n\t\t\t\t<div class=\"elementor-section-wrap\">\n\t\t\t\t\t\t\t\t\t<section class=\"has_eae_slider elementor-section elementor-top-section elementor-element elementor-element-8977ac5 elementor-section-boxed elementor-section-height-default elementor-section-height-default\" data-id=\"8977ac5\" data-element_type=\"section\">\n\t\t\t\t\t\t<div class=\"elementor-container elementor-column-gap-default\">\n\t\t\t\t\t\t\t<div class=\"elementor-row\">\n\t\t\t\t\t<div class=\"has_eae_slider elementor-column elementor-col-100 elementor-top-column elementor-element elementor-element-745c268\" data-id=\"745c268\" data-element_type=\"column\">\n\t\t\t<div class=\"elementor-column-wrap elementor-element-populated\">\n\t\t\t\t\t\t\t<div class=\"elementor-widget-wrap\">\n\t\t\t\t\t\t<div class=\"elementor-element elementor-element-2945ccc elementor-widget elementor-widget-text-editor\" data-id=\"2945ccc\" data-element_type=\"widget\" data-widget_type=\"text-editor.default\">\n\t\t\t\t<div class=\"elementor-widget-container\">\n\t\t\t\t\t\t\t\t<div class=\"elementor-text-editor elementor-clearfix\">\n\t\t\t\t\t\t\t\t\t<\/div>\n\t\t\t\t\t\t<\/div>\n\t\t\t\t<\/div>\n\t\t\t\t\t\t<\/div>\n\t\t\t\t\t<\/div>\n\t\t<\/div>\n\t\t\t\t\t\t\t\t<\/div>\n\t\t\t\t\t<\/div>\n\t\t<\/section>\n\t\t\t\t<section class=\"has_eae_slider elementor-section elementor-top-section elementor-element elementor-element-34cb925 elementor-section-boxed elementor-section-height-default elementor-section-height-default\" data-id=\"34cb925\" data-element_type=\"section\">\n\t\t\t\t\t\t<div class=\"elementor-container elementor-column-gap-default\">\n\t\t\t\t\t\t\t<div class=\"elementor-row\">\n\t\t\t\t\t<div class=\"has_eae_slider elementor-column elementor-col-50 elementor-top-column elementor-element elementor-element-50fb0dd\" data-id=\"50fb0dd\" data-element_type=\"column\">\n\t\t\t<div class=\"elementor-column-wrap elementor-element-populated\">\n\t\t\t\t\t\t\t<div class=\"elementor-widget-wrap\">\n\t\t\t\t\t\t<div class=\"elementor-element elementor-element-a462267 elementor-widget elementor-widget-image\" data-id=\"a462267\" data-element_type=\"widget\" data-widget_type=\"image.default\">\n\t\t\t\t<div class=\"elementor-widget-container\">\n\t\t\t\t\t\t\t\t<div class=\"elementor-image\">\n\t\t\t\t\t\t\t\t\t\t\t\t<img decoding=\"async\" width=\"1024\" height=\"683\" src=\"https:\/\/luwi-co.com\/wp-content\/uploads\/2021\/01\/marka1-1024x683.jpg\" class=\"attachment-large size-large\" alt=\"\" loading=\"lazy\" srcset=\"https:\/\/luwi-co.com\/wp-content\/uploads\/2021\/01\/marka1-1024x683.jpg 1024w, https:\/\/luwi-co.com\/wp-content\/uploads\/2021\/01\/marka1-300x200.jpg 300w, https:\/\/luwi-co.com\/wp-content\/uploads\/2021\/01\/marka1-768x512.jpg 768w, https:\/\/luwi-co.com\/wp-content\/uploads\/2021\/01\/marka1-1536x1024.jpg 1536w, https:\/\/luwi-co.com\/wp-content\/uploads\/2021\/01\/marka1-2048x1365.jpg 2048w, https:\/\/luwi-co.com\/wp-content\/uploads\/2021\/01\/marka1-830x553.jpg 830w, https:\/\/luwi-co.com\/wp-content\/uploads\/2021\/01\/marka1-230x153.jpg 230w, https:\/\/luwi-co.com\/wp-content\/uploads\/2021\/01\/marka1-350x233.jpg 350w, https:\/\/luwi-co.com\/wp-content\/uploads\/2021\/01\/marka1-480x320.jpg 480w\" sizes=\"(max-width: 1024px) 100vw, 1024px\" \/>\t\t\t\t\t\t\t\t\t\t\t\t\t\t<\/div>\n\t\t\t\t\t\t<\/div>\n\t\t\t\t<\/div>\n\t\t\t\t\t\t<\/div>\n\t\t\t\t\t<\/div>\n\t\t<\/div>\n\t\t\t\t<div class=\"has_eae_slider elementor-column elementor-col-50 elementor-top-column elementor-element elementor-element-e0fcf70\" data-id=\"e0fcf70\" data-element_type=\"column\">\n\t\t\t<div class=\"elementor-column-wrap elementor-element-populated\">\n\t\t\t\t\t\t\t<div class=\"elementor-widget-wrap\">\n\t\t\t\t\t\t<div class=\"elementor-element elementor-element-ef389f3 elementor-widget elementor-widget-text-editor\" data-id=\"ef389f3\" data-element_type=\"widget\" data-widget_type=\"text-editor.default\">\n\t\t\t\t<div class=\"elementor-widget-container\">\n\t\t\t\t\t\t\t\t<div class=\"elementor-text-editor elementor-clearfix\">\n\t\t\t\t<p><span style=\"font-weight: bold;\">MARKALA\u015eMA S\u00dcREC\u0130 DANI\u015eMANLI\u011eI<\/span><\/p>\n<p>\u015eirketlerin markala\u015fma s\u00fcre\u00e7leri hayli geni\u015f bir alana yay\u0131lan sistematik bir yakla\u015f\u0131m\u0131 i\u00e7eriyor. Marka bilinirli\u011finin sa\u011flanmas\u0131, markan\u0131n s\u00fcrekli ve kal\u0131c\u0131 hale getirilmesi birka\u00e7 s\u0131ral\u0131 ad\u0131mdan olu\u015fur. K\u00fcresel ve lokal g\u00fc\u00e7lerin kapsay\u0131c\u0131 unsurlar\u0131n\u0131n bulundu\u011fu bir ortamda marka y\u00f6netimine hak etti\u011fi k\u0131ymeti vermek stratejik bir yakla\u015f\u0131md\u0131r. Kurumsal ve marka odakl\u0131 hayallerinize Luwi Dan\u0131\u015fmanl\u0131k, etkili ve do\u011fru profesyonel \u00e7\u00f6z\u00fcm ortaklar\u0131yla ula\u015fman\u0131z\u0131 sa\u011fl\u0131yor.<\/p>\n<div><span style=\"background-color: transparent; text-indent: -18pt; font-family: Symbol;\"><span style=\"text-indent: -18pt; background-color: transparent;\">\u00b7<span style=\"font-variant-numeric: normal; font-variant-east-asian: normal; font-stretch: normal; font-size: 7pt; line-height: normal; font-family: 'Times New Roman';\">&nbsp; &nbsp; &nbsp; &nbsp;<\/span><\/span><\/span>Marka Kimli\u011fi Yaratma<br><span style=\"background-color: transparent; text-indent: -18pt; font-family: Symbol;\"><span style=\"text-indent: -18pt; background-color: transparent;\">\u00b7<span style=\"font-variant-numeric: normal; font-variant-east-asian: normal; font-stretch: normal; font-size: 7pt; line-height: normal; font-family: 'Times New Roman';\">&nbsp; &nbsp; &nbsp; &nbsp;<\/span><\/span><\/span>Marka Y\u00f6netimi<br><span style=\"background-color: transparent; text-indent: -18pt; font-family: Symbol;\"><span style=\"text-indent: -18pt; background-color: transparent;\">\u00b7<span style=\"font-variant-numeric: normal; font-variant-east-asian: normal; font-stretch: normal; font-size: 7pt; line-height: normal; font-family: 'Times New Roman';\">&nbsp; &nbsp; &nbsp; &nbsp;<\/span><\/span><\/span>Marka Geli\u015ftirme<\/div>\t\t\t\t\t<\/div>\n\t\t\t\t\t\t<\/div>\n\t\t\t\t<\/div>\n\t\t\t\t\t\t<\/div>\n\t\t\t\t\t<\/div>\n\t\t<\/div>\n\t\t\t\t\t\t\t\t<\/div>\n\t\t\t\t\t<\/div>\n\t\t<\/section>\n\t\t\t\t\t\t\t\t\t<\/div>\n\t\t\t<\/div>\n\t\t\t\t\t<\/div>\n\t\t","protected":false},"excerpt":{"rendered":"<p>MARKALA\u015eMA S\u00dcREC\u0130 DANI\u015eMANLI\u011eI \u015eirketlerin markala\u015fma s\u00fcre\u00e7leri hayli geni\u015f bir alana yay\u0131lan sistematik bir yakla\u015f\u0131m\u0131 i\u00e7eriyor. Marka bilinirli\u011finin sa\u011flanmas\u0131, markan\u0131n s\u00fcrekli ve kal\u0131c\u0131 hale getirilmesi birka\u00e7 s\u0131ral\u0131 ad\u0131mdan olu\u015fur. K\u00fcresel ve lokal g\u00fc\u00e7lerin kapsay\u0131c\u0131 unsurlar\u0131n\u0131n bulundu\u011fu bir ortamda marka y\u00f6netimine hak etti\u011fi k\u0131ymeti vermek stratejik bir yakla\u015f\u0131md\u0131r. Kurumsal ve marka odakl\u0131 hayallerinize Luwi Dan\u0131\u015fmanl\u0131k, etkili ve [&hellip;]<\/p>\n","protected":false},"author":1,"featured_media":0,"parent":0,"menu_order":0,"comment_status":"closed","ping_status":"closed","template":"page-templates\/page_front-page.php","meta":[],"_links":{"self":[{"href":"https:\/\/luwi-co.com\/index.php?rest_route=\/wp\/v2\/pages\/876"}],"collection":[{"href":"https:\/\/luwi-co.com\/index.php?rest_route=\/wp\/v2\/pages"}],"about":[{"href":"https:\/\/luwi-co.com\/index.php?rest_route=\/wp\/v2\/types\/page"}],"author":[{"embeddable":true,"href":"https:\/\/luwi-co.com\/index.php?rest_route=\/wp\/v2\/users\/1"}],"replies":[{"embeddable":true,"href":"https:\/\/luwi-co.com\/index.php?rest_route=%2Fwp%2Fv2%2Fcomments&post=876"}],"version-history":[{"count":47,"href":"https:\/\/luwi-co.com\/index.php?rest_route=\/wp\/v2\/pages\/876\/revisions"}],"predecessor-version":[{"id":2162,"href":"https:\/\/luwi-co.com\/index.php?rest_route=\/wp\/v2\/pages\/876\/revisions\/2162"}],"wp:attachment":[{"href":"https:\/\/luwi-co.com\/index.php?rest_route=%2Fwp%2Fv2%2Fmedia&parent=876"}],"curies":[{"name":"wp","href":"https:\/\/api.w.org\/{rel}","templated":true}]}}