{"id":870,"date":"2021-01-05T14:11:46","date_gmt":"2021-01-05T11:11:46","guid":{"rendered":"http:\/\/luwi-co.com\/?page_id=870"},"modified":"2021-01-27T00:22:17","modified_gmt":"2021-01-26T21:22:17","slug":"ig","status":"publish","type":"page","link":"https:\/\/luwi-co.com\/?page_id=870","title":{"rendered":"\u0130\u015f ve Strateji Geli\u015ftirme"},"content":{"rendered":"\t\t<div data-elementor-type=\"wp-page\" data-elementor-id=\"870\" class=\"elementor elementor-870\">\n\t\t\t\t\t\t<div class=\"elementor-inner\">\n\t\t\t\t<div class=\"elementor-section-wrap\">\n\t\t\t\t\t\t\t\t\t<section class=\"has_eae_slider elementor-section elementor-top-section elementor-element elementor-element-061e844 elementor-section-boxed elementor-section-height-default elementor-section-height-default\" data-id=\"061e844\" data-element_type=\"section\">\n\t\t\t\t\t\t<div class=\"elementor-container elementor-column-gap-default\">\n\t\t\t\t\t\t\t<div class=\"elementor-row\">\n\t\t\t\t\t<div class=\"has_eae_slider elementor-column elementor-col-100 elementor-top-column elementor-element elementor-element-6f16d62\" data-id=\"6f16d62\" data-element_type=\"column\">\n\t\t\t<div class=\"elementor-column-wrap elementor-element-populated\">\n\t\t\t\t\t\t\t<div class=\"elementor-widget-wrap\">\n\t\t\t\t\t\t<div class=\"elementor-element elementor-element-7ce41ba elementor-widget elementor-widget-text-editor\" data-id=\"7ce41ba\" data-element_type=\"widget\" data-widget_type=\"text-editor.default\">\n\t\t\t\t<div class=\"elementor-widget-container\">\n\t\t\t\t\t\t\t\t<div class=\"elementor-text-editor elementor-clearfix\">\n\t\t\t\t\t\t\t\t\t<\/div>\n\t\t\t\t\t\t<\/div>\n\t\t\t\t<\/div>\n\t\t\t\t\t\t<\/div>\n\t\t\t\t\t<\/div>\n\t\t<\/div>\n\t\t\t\t\t\t\t\t<\/div>\n\t\t\t\t\t<\/div>\n\t\t<\/section>\n\t\t\t\t<section class=\"has_eae_slider elementor-section elementor-top-section elementor-element elementor-element-50083b5 elementor-section-boxed elementor-section-height-default elementor-section-height-default\" data-id=\"50083b5\" data-element_type=\"section\">\n\t\t\t\t\t\t<div class=\"elementor-container elementor-column-gap-default\">\n\t\t\t\t\t\t\t<div class=\"elementor-row\">\n\t\t\t\t\t<div class=\"has_eae_slider elementor-column elementor-col-50 elementor-top-column elementor-element elementor-element-1f1af3d\" data-id=\"1f1af3d\" data-element_type=\"column\">\n\t\t\t<div class=\"elementor-column-wrap elementor-element-populated\">\n\t\t\t\t\t\t\t<div class=\"elementor-widget-wrap\">\n\t\t\t\t\t\t<div class=\"elementor-element elementor-element-a0f44d9 elementor-widget elementor-widget-image\" data-id=\"a0f44d9\" data-element_type=\"widget\" data-widget_type=\"image.default\">\n\t\t\t\t<div class=\"elementor-widget-container\">\n\t\t\t\t\t\t\t\t<div class=\"elementor-image\">\n\t\t\t\t\t\t\t\t\t\t\t\t<img decoding=\"async\" width=\"1024\" height=\"576\" src=\"https:\/\/luwi-co.com\/wp-content\/uploads\/2021\/01\/ig-1024x576.jpg\" class=\"attachment-large size-large\" alt=\"\" loading=\"lazy\" srcset=\"https:\/\/luwi-co.com\/wp-content\/uploads\/2021\/01\/ig-1024x576.jpg 1024w, https:\/\/luwi-co.com\/wp-content\/uploads\/2021\/01\/ig-300x169.jpg 300w, https:\/\/luwi-co.com\/wp-content\/uploads\/2021\/01\/ig-768x432.jpg 768w, https:\/\/luwi-co.com\/wp-content\/uploads\/2021\/01\/ig-1536x864.jpg 1536w, https:\/\/luwi-co.com\/wp-content\/uploads\/2021\/01\/ig-2048x1152.jpg 2048w, https:\/\/luwi-co.com\/wp-content\/uploads\/2021\/01\/ig-830x467.jpg 830w, https:\/\/luwi-co.com\/wp-content\/uploads\/2021\/01\/ig-230x129.jpg 230w, https:\/\/luwi-co.com\/wp-content\/uploads\/2021\/01\/ig-350x197.jpg 350w, https:\/\/luwi-co.com\/wp-content\/uploads\/2021\/01\/ig-480x270.jpg 480w\" sizes=\"(max-width: 1024px) 100vw, 1024px\" \/>\t\t\t\t\t\t\t\t\t\t\t\t\t\t<\/div>\n\t\t\t\t\t\t<\/div>\n\t\t\t\t<\/div>\n\t\t\t\t\t\t<\/div>\n\t\t\t\t\t<\/div>\n\t\t<\/div>\n\t\t\t\t<div class=\"has_eae_slider elementor-column elementor-col-50 elementor-top-column elementor-element elementor-element-a306362\" data-id=\"a306362\" data-element_type=\"column\">\n\t\t\t<div class=\"elementor-column-wrap elementor-element-populated\">\n\t\t\t\t\t\t\t<div class=\"elementor-widget-wrap\">\n\t\t\t\t\t\t<div class=\"elementor-element elementor-element-b10cdb4 elementor-widget elementor-widget-text-editor\" data-id=\"b10cdb4\" data-element_type=\"widget\" data-widget_type=\"text-editor.default\">\n\t\t\t\t<div class=\"elementor-widget-container\">\n\t\t\t\t\t\t\t\t<div class=\"elementor-text-editor elementor-clearfix\">\n\t\t\t\t<p><b style=\"background-color: transparent;\">\u0130\u015e VE STRATEJ\u0130 GEL\u0130\u015eT\u0130RME<\/b><\/p>\n<p>G\u00fcn\u00fcm\u00fczde rekabet ko\u015fullar\u0131n\u0131n farkl\u0131la\u015fmas\u0131, yeni \u00e7al\u0131\u015fma modelleri, teknoloji ve dijitalle\u015fme gibi ba\u015fl\u0131klarda ya\u015fanan d\u00f6n\u00fc\u015f\u00fcm, \u015firketleri h\u0131zl\u0131 ve \u00f6ng\u00f6r\u00fcl\u00fc kararlar almaya y\u00f6nlendiriyor. Di\u011fer taraftan ulusal ekonomide mevzuat ve kanunlardaki h\u0131zl\u0131 de\u011fi\u015fkenlik g\u00f6steren y\u00f6nelimler \u015firketlerin ayaklar\u0131 yere sa\u011flam basan stratejilerle yol almas\u0131n\u0131 \u015fart ko\u015fuyor.<\/p>\n<p><span style=\"background-color: transparent;\">\u015eirketlerin \u00e7ok farkl\u0131 kanallarda verimliliklerini art\u0131rmak, i\u015f s\u00fcre\u00e7lerini geli\u015ftirmek ve h\u0131zland\u0131rmak, ortaya \u00e7\u0131kan sinerjinin f\u0131rsatlar\u0131n\u0131 de\u011ferlendirmek \u00fczere \u00f6zellikle son y\u0131llarda stratejik i\u015f birlikleri giderek artan bir y\u00f6nelim olarak g\u00f6r\u00fcl\u00fcyor. Bu ba\u011flamda i\u015f birliklerinin yap\u0131land\u0131r\u0131lmas\u0131, \u00e7er\u00e7evelerin belirlenmesi, y\u00f6ntem ve \u00e7\u0131kt\u0131lar\u0131n y\u00f6netilmesi gibi alanlarda hizmet veren Luwi Dan\u0131\u015fmanl\u0131k, bu s\u00fcre\u00e7lerin hukuki ve mali altyap\u0131lar\u0131n\u0131n haz\u0131rlanmas\u0131na da katk\u0131 sunuyor.&nbsp;<\/span><\/p>\t\t\t\t\t<\/div>\n\t\t\t\t\t\t<\/div>\n\t\t\t\t<\/div>\n\t\t\t\t\t\t<\/div>\n\t\t\t\t\t<\/div>\n\t\t<\/div>\n\t\t\t\t\t\t\t\t<\/div>\n\t\t\t\t\t<\/div>\n\t\t<\/section>\n\t\t\t\t\t\t\t\t\t<\/div>\n\t\t\t<\/div>\n\t\t\t\t\t<\/div>\n\t\t","protected":false},"excerpt":{"rendered":"<p>\u0130\u015e VE STRATEJ\u0130 GEL\u0130\u015eT\u0130RME G\u00fcn\u00fcm\u00fczde rekabet ko\u015fullar\u0131n\u0131n farkl\u0131la\u015fmas\u0131, yeni \u00e7al\u0131\u015fma modelleri, teknoloji ve dijitalle\u015fme gibi ba\u015fl\u0131klarda ya\u015fanan d\u00f6n\u00fc\u015f\u00fcm, \u015firketleri h\u0131zl\u0131 ve \u00f6ng\u00f6r\u00fcl\u00fc kararlar almaya y\u00f6nlendiriyor. Di\u011fer taraftan ulusal ekonomide mevzuat ve kanunlardaki h\u0131zl\u0131 de\u011fi\u015fkenlik g\u00f6steren y\u00f6nelimler \u015firketlerin ayaklar\u0131 yere sa\u011flam basan stratejilerle yol almas\u0131n\u0131 \u015fart ko\u015fuyor. \u015eirketlerin \u00e7ok farkl\u0131 kanallarda verimliliklerini art\u0131rmak, i\u015f s\u00fcre\u00e7lerini geli\u015ftirmek [&hellip;]<\/p>\n","protected":false},"author":1,"featured_media":0,"parent":0,"menu_order":0,"comment_status":"closed","ping_status":"closed","template":"page-templates\/page_front-page.php","meta":[],"_links":{"self":[{"href":"https:\/\/luwi-co.com\/index.php?rest_route=\/wp\/v2\/pages\/870"}],"collection":[{"href":"https:\/\/luwi-co.com\/index.php?rest_route=\/wp\/v2\/pages"}],"about":[{"href":"https:\/\/luwi-co.com\/index.php?rest_route=\/wp\/v2\/types\/page"}],"author":[{"embeddable":true,"href":"https:\/\/luwi-co.com\/index.php?rest_route=\/wp\/v2\/users\/1"}],"replies":[{"embeddable":true,"href":"https:\/\/luwi-co.com\/index.php?rest_route=%2Fwp%2Fv2%2Fcomments&post=870"}],"version-history":[{"count":41,"href":"https:\/\/luwi-co.com\/index.php?rest_route=\/wp\/v2\/pages\/870\/revisions"}],"predecessor-version":[{"id":2159,"href":"https:\/\/luwi-co.com\/index.php?rest_route=\/wp\/v2\/pages\/870\/revisions\/2159"}],"wp:attachment":[{"href":"https:\/\/luwi-co.com\/index.php?rest_route=%2Fwp%2Fv2%2Fmedia&parent=870"}],"curies":[{"name":"wp","href":"https:\/\/api.w.org\/{rel}","templated":true}]}}