{"id":838,"date":"2021-01-05T13:43:41","date_gmt":"2021-01-05T10:43:41","guid":{"rendered":"http:\/\/luwi-co.com\/?page_id=838"},"modified":"2021-01-25T00:09:18","modified_gmt":"2021-01-24T21:09:18","slug":"ik","status":"publish","type":"page","link":"https:\/\/luwi-co.com\/?page_id=838","title":{"rendered":"\u0130nsan Kaynaklar\u0131"},"content":{"rendered":"\t\t<div data-elementor-type=\"wp-page\" data-elementor-id=\"838\" class=\"elementor elementor-838\">\n\t\t\t\t\t\t<div class=\"elementor-inner\">\n\t\t\t\t<div class=\"elementor-section-wrap\">\n\t\t\t\t\t\t\t\t\t<section class=\"has_eae_slider elementor-section elementor-top-section elementor-element elementor-element-6073bba elementor-section-boxed elementor-section-height-default elementor-section-height-default\" data-id=\"6073bba\" data-element_type=\"section\">\n\t\t\t\t\t\t<div class=\"elementor-container elementor-column-gap-default\">\n\t\t\t\t\t\t\t<div class=\"elementor-row\">\n\t\t\t\t\t<div class=\"has_eae_slider elementor-column elementor-col-100 elementor-top-column elementor-element elementor-element-0b3038a\" data-id=\"0b3038a\" data-element_type=\"column\">\n\t\t\t<div class=\"elementor-column-wrap elementor-element-populated\">\n\t\t\t\t\t\t\t<div class=\"elementor-widget-wrap\">\n\t\t\t\t\t\t<div class=\"elementor-element elementor-element-137053e elementor-widget elementor-widget-text-editor\" data-id=\"137053e\" data-element_type=\"widget\" data-widget_type=\"text-editor.default\">\n\t\t\t\t<div class=\"elementor-widget-container\">\n\t\t\t\t\t\t\t\t<div class=\"elementor-text-editor elementor-clearfix\">\n\t\t\t\t\t\t\t\t\t<\/div>\n\t\t\t\t\t\t<\/div>\n\t\t\t\t<\/div>\n\t\t\t\t\t\t<\/div>\n\t\t\t\t\t<\/div>\n\t\t<\/div>\n\t\t\t\t\t\t\t\t<\/div>\n\t\t\t\t\t<\/div>\n\t\t<\/section>\n\t\t\t\t<section class=\"has_eae_slider elementor-section elementor-top-section elementor-element elementor-element-b5b3ca1 elementor-section-boxed elementor-section-height-default elementor-section-height-default\" data-id=\"b5b3ca1\" data-element_type=\"section\">\n\t\t\t\t\t\t<div class=\"elementor-container elementor-column-gap-default\">\n\t\t\t\t\t\t\t<div class=\"elementor-row\">\n\t\t\t\t\t<div class=\"has_eae_slider elementor-column elementor-col-50 elementor-top-column elementor-element elementor-element-674ee9b\" data-id=\"674ee9b\" data-element_type=\"column\">\n\t\t\t<div class=\"elementor-column-wrap elementor-element-populated\">\n\t\t\t\t\t\t\t<div class=\"elementor-widget-wrap\">\n\t\t\t\t\t\t<div class=\"elementor-element elementor-element-b0a7fa4 elementor-widget elementor-widget-image\" data-id=\"b0a7fa4\" data-element_type=\"widget\" data-widget_type=\"image.default\">\n\t\t\t\t<div class=\"elementor-widget-container\">\n\t\t\t\t\t\t\t\t<div class=\"elementor-image\">\n\t\t\t\t\t\t\t\t\t\t\t\t<img decoding=\"async\" width=\"1024\" height=\"616\" src=\"https:\/\/luwi-co.com\/wp-content\/uploads\/2021\/01\/ik-1024x616.jpg\" class=\"attachment-large size-large\" alt=\"\" loading=\"lazy\" srcset=\"https:\/\/luwi-co.com\/wp-content\/uploads\/2021\/01\/ik-1024x616.jpg 1024w, https:\/\/luwi-co.com\/wp-content\/uploads\/2021\/01\/ik-300x180.jpg 300w, https:\/\/luwi-co.com\/wp-content\/uploads\/2021\/01\/ik-768x462.jpg 768w, https:\/\/luwi-co.com\/wp-content\/uploads\/2021\/01\/ik-1536x924.jpg 1536w, https:\/\/luwi-co.com\/wp-content\/uploads\/2021\/01\/ik-2048x1232.jpg 2048w, https:\/\/luwi-co.com\/wp-content\/uploads\/2021\/01\/ik-830x499.jpg 830w, https:\/\/luwi-co.com\/wp-content\/uploads\/2021\/01\/ik-230x138.jpg 230w, https:\/\/luwi-co.com\/wp-content\/uploads\/2021\/01\/ik-350x211.jpg 350w, https:\/\/luwi-co.com\/wp-content\/uploads\/2021\/01\/ik-480x289.jpg 480w\" sizes=\"(max-width: 1024px) 100vw, 1024px\" \/>\t\t\t\t\t\t\t\t\t\t\t\t\t\t<\/div>\n\t\t\t\t\t\t<\/div>\n\t\t\t\t<\/div>\n\t\t\t\t\t\t<\/div>\n\t\t\t\t\t<\/div>\n\t\t<\/div>\n\t\t\t\t<div class=\"has_eae_slider elementor-column elementor-col-50 elementor-top-column elementor-element elementor-element-7e34315\" data-id=\"7e34315\" data-element_type=\"column\">\n\t\t\t<div class=\"elementor-column-wrap elementor-element-populated\">\n\t\t\t\t\t\t\t<div class=\"elementor-widget-wrap\">\n\t\t\t\t\t\t<div class=\"elementor-element elementor-element-a43bee3 elementor-widget elementor-widget-text-editor\" data-id=\"a43bee3\" data-element_type=\"widget\" data-widget_type=\"text-editor.default\">\n\t\t\t\t<div class=\"elementor-widget-container\">\n\t\t\t\t\t\t\t\t<div class=\"elementor-text-editor elementor-clearfix\">\n\t\t\t\t<p style=\"margin-bottom: 0.0001pt; line-height: normal;\"><span style=\"font-weight: bold;\">\u0130NSAN KAYNAKLARI<\/span><\/p><p style=\"margin-bottom: 0.0001pt; line-height: normal;\"><span style=\"font-weight: bold;\">\u00a0<\/span><\/p><p>Liderlik geli\u015fimi ve insan y\u00f6netimi, \u015firketlerin en temel kaynaklar\u0131n\u0131n en verimli \u015fekilde de\u011ferlendirilmesi, dahas\u0131 farkl\u0131 ilkeler \u0131\u015f\u0131\u011f\u0131nda organizasyonun hedeflerine ula\u015fmas\u0131 ad\u0131na hayati bir \u00f6neme sahiptir. Bu gereklilik, insan kaynaklar\u0131 ekosistemini her d\u00f6nemde \u00fczerine en \u00e7ok tart\u0131\u015f\u0131lan ve yeni yakla\u015f\u0131mlara ihtiya\u00e7 duyulan alanlardan biri haline getirdi. Luwi Dan\u0131\u015fmanl\u0131k, \u015firketlerin her daim hassasiyetle yakla\u015f\u0131mlar\u0131n\u0131 g\u00fcncellemeleri gereken bu y\u00f6netim uzmanl\u0131\u011f\u0131nda; bilgiye ve teknolojiye dayal\u0131, insan\u0131 oda\u011fa yerle\u015ftiren ve bu sayede ba\u015far\u0131l\u0131 sonu\u00e7lar\u0131 garanti alt\u0131na alan bir anlay\u0131\u015f\u0131n tesis edilmesini m\u00fcmk\u00fcn k\u0131l\u0131yor.<\/p><p><span style=\"text-indent: -18pt; background-color: transparent; font-family: Symbol;\">\u00b7<span style=\"font-variant-numeric: normal; font-variant-east-asian: normal; font-stretch: normal; font-size: 7pt; line-height: normal; font-family: 'Times New Roman';\">\u00a0 \u00a0 \u00a0 \u00a0 <\/span><\/span><span style=\"text-indent: -24px;\">Bireysel \/ Kurumsal Performans Sistemi<\/span><span style=\"text-indent: -18pt; background-color: transparent;\"><br \/><\/span><span style=\"background-color: transparent; text-indent: -18pt; font-family: Symbol;\">\u00b7<span style=\"font-variant-numeric: normal; font-variant-east-asian: normal; font-stretch: normal; font-size: 7pt; line-height: normal; font-family: 'Times New Roman';\">\u00a0 \u00a0 \u00a0 \u00a0\u00a0<\/span><\/span><span style=\"text-indent: -24px;\">\u0130nsan Kayna\u011f\u0131 Deste\u011fi<\/span><span style=\"background-color: transparent; text-indent: -18pt;\"><br \/><\/span><span style=\"background-color: transparent; text-indent: -18pt; font-family: Symbol;\">\u00b7<span style=\"font-variant-numeric: normal; font-variant-east-asian: normal; font-stretch: normal; font-size: 7pt; line-height: normal; font-family: 'Times New Roman';\">\u00a0 \u00a0 \u00a0 \u00a0\u00a0<\/span><\/span><span style=\"text-indent: -24px;\">Norm Kadro Planlama<\/span><\/p>\t\t\t\t\t<\/div>\n\t\t\t\t\t\t<\/div>\n\t\t\t\t<\/div>\n\t\t\t\t\t\t<\/div>\n\t\t\t\t\t<\/div>\n\t\t<\/div>\n\t\t\t\t\t\t\t\t<\/div>\n\t\t\t\t\t<\/div>\n\t\t<\/section>\n\t\t\t\t\t\t\t\t\t<\/div>\n\t\t\t<\/div>\n\t\t\t\t\t<\/div>\n\t\t","protected":false},"excerpt":{"rendered":"<p>\u0130NSAN KAYNAKLARI \u00a0 Liderlik geli\u015fimi ve insan y\u00f6netimi, \u015firketlerin en temel kaynaklar\u0131n\u0131n en verimli \u015fekilde de\u011ferlendirilmesi, dahas\u0131 farkl\u0131 ilkeler \u0131\u015f\u0131\u011f\u0131nda organizasyonun hedeflerine ula\u015fmas\u0131 ad\u0131na hayati bir \u00f6neme sahiptir. Bu gereklilik, insan kaynaklar\u0131 ekosistemini her d\u00f6nemde \u00fczerine en \u00e7ok tart\u0131\u015f\u0131lan ve yeni yakla\u015f\u0131mlara ihtiya\u00e7 duyulan alanlardan biri haline getirdi. Luwi Dan\u0131\u015fmanl\u0131k, \u015firketlerin her daim hassasiyetle yakla\u015f\u0131mlar\u0131n\u0131 [&hellip;]<\/p>\n","protected":false},"author":1,"featured_media":0,"parent":0,"menu_order":0,"comment_status":"closed","ping_status":"closed","template":"page-templates\/page_front-page.php","meta":[],"_links":{"self":[{"href":"https:\/\/luwi-co.com\/index.php?rest_route=\/wp\/v2\/pages\/838"}],"collection":[{"href":"https:\/\/luwi-co.com\/index.php?rest_route=\/wp\/v2\/pages"}],"about":[{"href":"https:\/\/luwi-co.com\/index.php?rest_route=\/wp\/v2\/types\/page"}],"author":[{"embeddable":true,"href":"https:\/\/luwi-co.com\/index.php?rest_route=\/wp\/v2\/users\/1"}],"replies":[{"embeddable":true,"href":"https:\/\/luwi-co.com\/index.php?rest_route=%2Fwp%2Fv2%2Fcomments&post=838"}],"version-history":[{"count":40,"href":"https:\/\/luwi-co.com\/index.php?rest_route=\/wp\/v2\/pages\/838\/revisions"}],"predecessor-version":[{"id":1988,"href":"https:\/\/luwi-co.com\/index.php?rest_route=\/wp\/v2\/pages\/838\/revisions\/1988"}],"wp:attachment":[{"href":"https:\/\/luwi-co.com\/index.php?rest_route=%2Fwp%2Fv2%2Fmedia&parent=838"}],"curies":[{"name":"wp","href":"https:\/\/api.w.org\/{rel}","templated":true}]}}