{"id":832,"date":"2021-01-05T13:41:57","date_gmt":"2021-01-05T10:41:57","guid":{"rendered":"http:\/\/luwi-co.com\/?page_id=832"},"modified":"2021-01-27T01:39:16","modified_gmt":"2021-01-26T22:39:16","slug":"fd","status":"publish","type":"page","link":"https:\/\/luwi-co.com\/?page_id=832","title":{"rendered":"SGK Te\u015fvikleri"},"content":{"rendered":"\t\t<div data-elementor-type=\"wp-page\" data-elementor-id=\"832\" class=\"elementor elementor-832\">\n\t\t\t\t\t\t<div class=\"elementor-inner\">\n\t\t\t\t<div class=\"elementor-section-wrap\">\n\t\t\t\t\t\t\t\t\t<section class=\"has_eae_slider elementor-section elementor-top-section elementor-element elementor-element-f1603c7 elementor-section-boxed elementor-section-height-default elementor-section-height-default\" data-id=\"f1603c7\" data-element_type=\"section\">\n\t\t\t\t\t\t<div class=\"elementor-container elementor-column-gap-default\">\n\t\t\t\t\t\t\t<div class=\"elementor-row\">\n\t\t\t\t\t<div class=\"has_eae_slider elementor-column elementor-col-100 elementor-top-column elementor-element elementor-element-b9f412d\" data-id=\"b9f412d\" data-element_type=\"column\">\n\t\t\t<div class=\"elementor-column-wrap elementor-element-populated\">\n\t\t\t\t\t\t\t<div class=\"elementor-widget-wrap\">\n\t\t\t\t\t\t<div class=\"elementor-element elementor-element-87ba72e elementor-widget elementor-widget-text-editor\" data-id=\"87ba72e\" data-element_type=\"widget\" data-widget_type=\"text-editor.default\">\n\t\t\t\t<div class=\"elementor-widget-container\">\n\t\t\t\t\t\t\t\t<div class=\"elementor-text-editor elementor-clearfix\">\n\t\t\t\t\t\t\t\t\t<\/div>\n\t\t\t\t\t\t<\/div>\n\t\t\t\t<\/div>\n\t\t\t\t\t\t<\/div>\n\t\t\t\t\t<\/div>\n\t\t<\/div>\n\t\t\t\t\t\t\t\t<\/div>\n\t\t\t\t\t<\/div>\n\t\t<\/section>\n\t\t\t\t<section class=\"has_eae_slider elementor-section elementor-top-section elementor-element elementor-element-de7cc37 elementor-section-boxed elementor-section-height-default elementor-section-height-default\" data-id=\"de7cc37\" data-element_type=\"section\">\n\t\t\t\t\t\t<div class=\"elementor-container elementor-column-gap-default\">\n\t\t\t\t\t\t\t<div class=\"elementor-row\">\n\t\t\t\t\t<div class=\"has_eae_slider elementor-column elementor-col-50 elementor-top-column elementor-element elementor-element-52267b0\" data-id=\"52267b0\" data-element_type=\"column\">\n\t\t\t<div class=\"elementor-column-wrap elementor-element-populated\">\n\t\t\t\t\t\t\t<div class=\"elementor-widget-wrap\">\n\t\t\t\t\t\t<div class=\"elementor-element elementor-element-93fea3d elementor-widget elementor-widget-image\" data-id=\"93fea3d\" data-element_type=\"widget\" data-widget_type=\"image.default\">\n\t\t\t\t<div class=\"elementor-widget-container\">\n\t\t\t\t\t\t\t\t<div class=\"elementor-image\">\n\t\t\t\t\t\t\t\t\t\t\t\t<img decoding=\"async\" width=\"1024\" height=\"683\" src=\"https:\/\/luwi-co.com\/wp-content\/uploads\/2021\/01\/sgkt1-1-1024x683.jpg\" class=\"attachment-large size-large\" alt=\"\" loading=\"lazy\" srcset=\"https:\/\/luwi-co.com\/wp-content\/uploads\/2021\/01\/sgkt1-1-1024x683.jpg 1024w, https:\/\/luwi-co.com\/wp-content\/uploads\/2021\/01\/sgkt1-1-300x200.jpg 300w, https:\/\/luwi-co.com\/wp-content\/uploads\/2021\/01\/sgkt1-1-768x512.jpg 768w, https:\/\/luwi-co.com\/wp-content\/uploads\/2021\/01\/sgkt1-1-1536x1024.jpg 1536w, https:\/\/luwi-co.com\/wp-content\/uploads\/2021\/01\/sgkt1-1-2048x1366.jpg 2048w, https:\/\/luwi-co.com\/wp-content\/uploads\/2021\/01\/sgkt1-1-830x553.jpg 830w, https:\/\/luwi-co.com\/wp-content\/uploads\/2021\/01\/sgkt1-1-230x153.jpg 230w, https:\/\/luwi-co.com\/wp-content\/uploads\/2021\/01\/sgkt1-1-350x233.jpg 350w, https:\/\/luwi-co.com\/wp-content\/uploads\/2021\/01\/sgkt1-1-480x320.jpg 480w\" sizes=\"(max-width: 1024px) 100vw, 1024px\" \/>\t\t\t\t\t\t\t\t\t\t\t\t\t\t<\/div>\n\t\t\t\t\t\t<\/div>\n\t\t\t\t<\/div>\n\t\t\t\t\t\t<\/div>\n\t\t\t\t\t<\/div>\n\t\t<\/div>\n\t\t\t\t<div class=\"has_eae_slider elementor-column elementor-col-50 elementor-top-column elementor-element elementor-element-21c687b\" data-id=\"21c687b\" data-element_type=\"column\">\n\t\t\t<div class=\"elementor-column-wrap elementor-element-populated\">\n\t\t\t\t\t\t\t<div class=\"elementor-widget-wrap\">\n\t\t\t\t\t\t<div class=\"elementor-element elementor-element-0bf69d9 elementor-widget elementor-widget-text-editor\" data-id=\"0bf69d9\" data-element_type=\"widget\" data-widget_type=\"text-editor.default\">\n\t\t\t\t<div class=\"elementor-widget-container\">\n\t\t\t\t\t\t\t\t<div class=\"elementor-text-editor elementor-clearfix\">\n\t\t\t\t<p><strong>\u00a0<\/strong><strong style=\"background-color: transparent;\">\u00a0<br \/><br \/><\/strong><\/p><p><strong style=\"background-color: transparent;\">SGK TE\u015eV\u0130KLER\u0130<\/strong><\/p><p>SGK Te\u015fvik Dan\u0131\u015fmanl\u0131\u011f\u0131 \u00f6zel olarak emek isteyen, uzman taraf\u0131ndan takip edilmedi\u011finde g\u00f6zden ka\u00e7abilecek detaylar bar\u0131nd\u0131ran ve bu y\u00fczden ciddi riskler ta\u015f\u0131yan bir s\u00fcre\u00e7tir. Luwi Dan\u0131\u015fmanl\u0131k, sizin i\u00e7in en do\u011fru ve en y\u00fcksek fayda sa\u011flayan te\u015fviki tespit etmek i\u00e7in profesyonel bir \u015fekilde y\u00f6netilmesine aday ve bu konuda profesyonel bir hizmet sunuyor.\u00a0<\/p>\t\t\t\t\t<\/div>\n\t\t\t\t\t\t<\/div>\n\t\t\t\t<\/div>\n\t\t\t\t\t\t<\/div>\n\t\t\t\t\t<\/div>\n\t\t<\/div>\n\t\t\t\t\t\t\t\t<\/div>\n\t\t\t\t\t<\/div>\n\t\t<\/section>\n\t\t\t\t\t\t\t\t\t<\/div>\n\t\t\t<\/div>\n\t\t\t\t\t<\/div>\n\t\t","protected":false},"excerpt":{"rendered":"<p>\u00a0\u00a0 SGK TE\u015eV\u0130KLER\u0130 SGK Te\u015fvik Dan\u0131\u015fmanl\u0131\u011f\u0131 \u00f6zel olarak emek isteyen, uzman taraf\u0131ndan takip edilmedi\u011finde g\u00f6zden ka\u00e7abilecek detaylar bar\u0131nd\u0131ran ve bu y\u00fczden ciddi riskler ta\u015f\u0131yan bir s\u00fcre\u00e7tir. Luwi Dan\u0131\u015fmanl\u0131k, sizin i\u00e7in en do\u011fru ve en y\u00fcksek fayda sa\u011flayan te\u015fviki tespit etmek i\u00e7in profesyonel bir \u015fekilde y\u00f6netilmesine aday ve bu konuda profesyonel bir hizmet sunuyor.\u00a0<\/p>\n","protected":false},"author":1,"featured_media":0,"parent":0,"menu_order":0,"comment_status":"closed","ping_status":"closed","template":"page-templates\/page_front-page.php","meta":[],"_links":{"self":[{"href":"https:\/\/luwi-co.com\/index.php?rest_route=\/wp\/v2\/pages\/832"}],"collection":[{"href":"https:\/\/luwi-co.com\/index.php?rest_route=\/wp\/v2\/pages"}],"about":[{"href":"https:\/\/luwi-co.com\/index.php?rest_route=\/wp\/v2\/types\/page"}],"author":[{"embeddable":true,"href":"https:\/\/luwi-co.com\/index.php?rest_route=\/wp\/v2\/users\/1"}],"replies":[{"embeddable":true,"href":"https:\/\/luwi-co.com\/index.php?rest_route=%2Fwp%2Fv2%2Fcomments&post=832"}],"version-history":[{"count":71,"href":"https:\/\/luwi-co.com\/index.php?rest_route=\/wp\/v2\/pages\/832\/revisions"}],"predecessor-version":[{"id":2168,"href":"https:\/\/luwi-co.com\/index.php?rest_route=\/wp\/v2\/pages\/832\/revisions\/2168"}],"wp:attachment":[{"href":"https:\/\/luwi-co.com\/index.php?rest_route=%2Fwp%2Fv2%2Fmedia&parent=832"}],"curies":[{"name":"wp","href":"https:\/\/api.w.org\/{rel}","templated":true}]}}