{"id":806,"date":"2021-01-05T13:32:27","date_gmt":"2021-01-05T10:32:27","guid":{"rendered":"http:\/\/luwi-co.com\/?page_id=806"},"modified":"2021-01-26T00:12:04","modified_gmt":"2021-01-25T21:12:04","slug":"kr","status":"publish","type":"page","link":"https:\/\/luwi-co.com\/?page_id=806","title":{"rendered":"Kurumsal Risk"},"content":{"rendered":"\t\t<div data-elementor-type=\"wp-page\" data-elementor-id=\"806\" class=\"elementor elementor-806\">\n\t\t\t\t\t\t<div class=\"elementor-inner\">\n\t\t\t\t<div class=\"elementor-section-wrap\">\n\t\t\t\t\t\t\t\t\t<section class=\"has_eae_slider elementor-section elementor-top-section elementor-element elementor-element-3342751 elementor-section-boxed elementor-section-height-default elementor-section-height-default\" data-id=\"3342751\" data-element_type=\"section\">\n\t\t\t\t\t\t<div class=\"elementor-container elementor-column-gap-default\">\n\t\t\t\t\t\t\t<div class=\"elementor-row\">\n\t\t\t\t\t<div class=\"has_eae_slider elementor-column elementor-col-100 elementor-top-column elementor-element elementor-element-ca57af9\" data-id=\"ca57af9\" data-element_type=\"column\">\n\t\t\t<div class=\"elementor-column-wrap elementor-element-populated\">\n\t\t\t\t\t\t\t<div class=\"elementor-widget-wrap\">\n\t\t\t\t\t\t<div class=\"elementor-element elementor-element-6797089 elementor-widget elementor-widget-text-editor\" data-id=\"6797089\" data-element_type=\"widget\" data-widget_type=\"text-editor.default\">\n\t\t\t\t<div class=\"elementor-widget-container\">\n\t\t\t\t\t\t\t\t<div class=\"elementor-text-editor elementor-clearfix\">\n\t\t\t\t\t\t\t\t\t<\/div>\n\t\t\t\t\t\t<\/div>\n\t\t\t\t<\/div>\n\t\t\t\t\t\t<\/div>\n\t\t\t\t\t<\/div>\n\t\t<\/div>\n\t\t\t\t\t\t\t\t<\/div>\n\t\t\t\t\t<\/div>\n\t\t<\/section>\n\t\t\t\t<section class=\"has_eae_slider elementor-section elementor-top-section elementor-element elementor-element-76cfad8 elementor-section-boxed elementor-section-height-default elementor-section-height-default\" data-id=\"76cfad8\" data-element_type=\"section\">\n\t\t\t\t\t\t<div class=\"elementor-container elementor-column-gap-default\">\n\t\t\t\t\t\t\t<div class=\"elementor-row\">\n\t\t\t\t\t<div class=\"has_eae_slider elementor-column elementor-col-50 elementor-top-column elementor-element elementor-element-85a87a7\" data-id=\"85a87a7\" data-element_type=\"column\">\n\t\t\t<div class=\"elementor-column-wrap elementor-element-populated\">\n\t\t\t\t\t\t\t<div class=\"elementor-widget-wrap\">\n\t\t\t\t\t\t<div class=\"elementor-element elementor-element-3d260f7 elementor-widget elementor-widget-image\" data-id=\"3d260f7\" data-element_type=\"widget\" data-widget_type=\"image.default\">\n\t\t\t\t<div class=\"elementor-widget-container\">\n\t\t\t\t\t\t\t\t<div class=\"elementor-image\">\n\t\t\t\t\t\t\t\t\t\t\t\t<img decoding=\"async\" width=\"1024\" height=\"640\" src=\"https:\/\/luwi-co.com\/wp-content\/uploads\/2021\/01\/kurumsal_risk_yeni-1024x640.jpg\" class=\"attachment-large size-large\" alt=\"\" loading=\"lazy\" srcset=\"https:\/\/luwi-co.com\/wp-content\/uploads\/2021\/01\/kurumsal_risk_yeni-1024x640.jpg 1024w, https:\/\/luwi-co.com\/wp-content\/uploads\/2021\/01\/kurumsal_risk_yeni-300x188.jpg 300w, https:\/\/luwi-co.com\/wp-content\/uploads\/2021\/01\/kurumsal_risk_yeni-768x480.jpg 768w, https:\/\/luwi-co.com\/wp-content\/uploads\/2021\/01\/kurumsal_risk_yeni-830x519.jpg 830w, https:\/\/luwi-co.com\/wp-content\/uploads\/2021\/01\/kurumsal_risk_yeni-230x144.jpg 230w, https:\/\/luwi-co.com\/wp-content\/uploads\/2021\/01\/kurumsal_risk_yeni-350x219.jpg 350w, https:\/\/luwi-co.com\/wp-content\/uploads\/2021\/01\/kurumsal_risk_yeni-480x300.jpg 480w, https:\/\/luwi-co.com\/wp-content\/uploads\/2021\/01\/kurumsal_risk_yeni.jpg 1280w\" sizes=\"(max-width: 1024px) 100vw, 1024px\" \/>\t\t\t\t\t\t\t\t\t\t\t\t\t\t<\/div>\n\t\t\t\t\t\t<\/div>\n\t\t\t\t<\/div>\n\t\t\t\t\t\t<\/div>\n\t\t\t\t\t<\/div>\n\t\t<\/div>\n\t\t\t\t<div class=\"has_eae_slider elementor-column elementor-col-50 elementor-top-column elementor-element elementor-element-cb4411a\" data-id=\"cb4411a\" data-element_type=\"column\">\n\t\t\t<div class=\"elementor-column-wrap elementor-element-populated\">\n\t\t\t\t\t\t\t<div class=\"elementor-widget-wrap\">\n\t\t\t\t\t\t<div class=\"elementor-element elementor-element-510a5da elementor-widget elementor-widget-text-editor\" data-id=\"510a5da\" data-element_type=\"widget\" data-widget_type=\"text-editor.default\">\n\t\t\t\t<div class=\"elementor-widget-container\">\n\t\t\t\t\t\t\t\t<div class=\"elementor-text-editor elementor-clearfix\">\n\t\t\t\t<p><b>KURUMSAL R\u0130SK<\/b><\/p><p>Luwi ekibinin son derece yetkin oldu\u011fu kurumsal risk de\u011ferlendirme ve risk y\u00f6netimi, \u015firketlerin mevcut ve uzun vadeli s\u00fcre\u00e7lerinde kar\u015f\u0131la\u015ft\u0131klar\u0131\/kar\u015f\u0131la\u015fabilecekleri olumsuzluklar\u0131n giderilmesi i\u00e7in hayati bir noktada konumlan\u0131yor. Bir\u00e7ok uzmanl\u0131\u011f\u0131 bir arada bar\u0131nd\u0131ran ve sonu\u00e7lar\u0131 itibar\u0131yla son derece profesyonelce ele al\u0131nmas\u0131 gereken kurumsal riskler, teknolojiden finansa, ekonomi y\u00f6netiminden sekt\u00f6rel konjonkt\u00fcre kadar geni\u015f bir yelpazede h\u00e2kimiyeti \u015fart ko\u015fuyor.<\/p><p>Luwi Dan\u0131\u015fmanl\u0131k, belirtilen ba\u015fl\u0131klar\u0131n t\u00fcm\u00fcnde g\u00fc\u00e7l\u00fc bir y\u00f6netim ve y\u00f6nlendirme yetene\u011fi sunarken bu kritik a\u015famalarda \u015firketinizin s\u00fcreklili\u011fine etkin bi\u00e7imde katk\u0131 sa\u011fl\u0131yor.<\/p><p><span style=\"text-indent: -18pt; background-color: transparent; font-family: Symbol;\">\u00b7<span style=\"font-variant-numeric: normal; font-variant-east-asian: normal; font-stretch: normal; font-size: 7pt; line-height: normal; font-family: 'Times New Roman';\">\u00a0\u00a0\u00a0\u00a0\u00a0\u00a0\u00a0\u00a0 <\/span><\/span><span style=\"text-indent: -18pt; background-color: transparent;\">Risk De\u011ferlendirme<br \/><\/span><span style=\"background-color: transparent; text-indent: -18pt; font-family: Symbol;\">\u00b7<span style=\"font-variant-numeric: normal; font-variant-east-asian: normal; font-stretch: normal; font-size: 7pt; line-height: normal; font-family: 'Times New Roman';\">\u00a0\u00a0\u00a0\u00a0\u00a0\u00a0\u00a0\u00a0 <\/span><\/span><span style=\"background-color: transparent; text-indent: -18pt;\">Risk Y\u00f6netimi<br \/><\/span><span style=\"background-color: transparent; text-indent: -18pt; font-family: Symbol;\">\u00b7<span style=\"font-variant-numeric: normal; font-variant-east-asian: normal; font-stretch: normal; font-size: 7pt; line-height: normal; font-family: 'Times New Roman';\">\u00a0\u00a0\u00a0\u00a0\u00a0\u00a0\u00a0\u00a0 <\/span><\/span><span style=\"background-color: transparent; text-indent: -18pt;\">S\u00fcrd\u00fcr\u00fclebilirlik \/ Aile \u015eirket Anayasas\u0131<\/span><\/p><p style=\"margin-bottom: .0001pt; mso-add-space: auto; text-indent: -18.0pt; line-height: normal; mso-list: l0 level1 lfo1;\">\u00a0<\/p>\t\t\t\t\t<\/div>\n\t\t\t\t\t\t<\/div>\n\t\t\t\t<\/div>\n\t\t\t\t\t\t<\/div>\n\t\t\t\t\t<\/div>\n\t\t<\/div>\n\t\t\t\t\t\t\t\t<\/div>\n\t\t\t\t\t<\/div>\n\t\t<\/section>\n\t\t\t\t\t\t\t\t\t<\/div>\n\t\t\t<\/div>\n\t\t\t\t\t<\/div>\n\t\t","protected":false},"excerpt":{"rendered":"<p>KURUMSAL R\u0130SK Luwi ekibinin son derece yetkin oldu\u011fu kurumsal risk de\u011ferlendirme ve risk y\u00f6netimi, \u015firketlerin mevcut ve uzun vadeli s\u00fcre\u00e7lerinde kar\u015f\u0131la\u015ft\u0131klar\u0131\/kar\u015f\u0131la\u015fabilecekleri olumsuzluklar\u0131n giderilmesi i\u00e7in hayati bir noktada konumlan\u0131yor. Bir\u00e7ok uzmanl\u0131\u011f\u0131 bir arada bar\u0131nd\u0131ran ve sonu\u00e7lar\u0131 itibar\u0131yla son derece profesyonelce ele al\u0131nmas\u0131 gereken kurumsal riskler, teknolojiden finansa, ekonomi y\u00f6netiminden sekt\u00f6rel konjonkt\u00fcre kadar geni\u015f bir yelpazede h\u00e2kimiyeti [&hellip;]<\/p>\n","protected":false},"author":1,"featured_media":0,"parent":0,"menu_order":0,"comment_status":"closed","ping_status":"closed","template":"page-templates\/page_front-page.php","meta":[],"_links":{"self":[{"href":"https:\/\/luwi-co.com\/index.php?rest_route=\/wp\/v2\/pages\/806"}],"collection":[{"href":"https:\/\/luwi-co.com\/index.php?rest_route=\/wp\/v2\/pages"}],"about":[{"href":"https:\/\/luwi-co.com\/index.php?rest_route=\/wp\/v2\/types\/page"}],"author":[{"embeddable":true,"href":"https:\/\/luwi-co.com\/index.php?rest_route=\/wp\/v2\/users\/1"}],"replies":[{"embeddable":true,"href":"https:\/\/luwi-co.com\/index.php?rest_route=%2Fwp%2Fv2%2Fcomments&post=806"}],"version-history":[{"count":37,"href":"https:\/\/luwi-co.com\/index.php?rest_route=\/wp\/v2\/pages\/806\/revisions"}],"predecessor-version":[{"id":2093,"href":"https:\/\/luwi-co.com\/index.php?rest_route=\/wp\/v2\/pages\/806\/revisions\/2093"}],"wp:attachment":[{"href":"https:\/\/luwi-co.com\/index.php?rest_route=%2Fwp%2Fv2%2Fmedia&parent=806"}],"curies":[{"name":"wp","href":"https:\/\/api.w.org\/{rel}","templated":true}]}}