{"id":800,"date":"2021-01-05T13:27:51","date_gmt":"2021-01-05T10:27:51","guid":{"rendered":"http:\/\/luwi-co.com\/?page_id=800"},"modified":"2021-01-27T00:20:07","modified_gmt":"2021-01-26T21:20:07","slug":"sg","status":"publish","type":"page","link":"https:\/\/luwi-co.com\/?page_id=800","title":{"rendered":"Vergi Hukuku"},"content":{"rendered":"\t\t<div data-elementor-type=\"wp-page\" data-elementor-id=\"800\" class=\"elementor elementor-800\">\n\t\t\t\t\t\t<div class=\"elementor-inner\">\n\t\t\t\t<div class=\"elementor-section-wrap\">\n\t\t\t\t\t\t\t\t\t<section class=\"has_eae_slider elementor-section elementor-top-section elementor-element elementor-element-758672a elementor-section-boxed elementor-section-height-default elementor-section-height-default\" data-id=\"758672a\" data-element_type=\"section\">\n\t\t\t\t\t\t<div class=\"elementor-container elementor-column-gap-default\">\n\t\t\t\t\t\t\t<div class=\"elementor-row\">\n\t\t\t\t\t<div class=\"has_eae_slider elementor-column elementor-col-100 elementor-top-column elementor-element elementor-element-4b1f763\" data-id=\"4b1f763\" data-element_type=\"column\">\n\t\t\t<div class=\"elementor-column-wrap elementor-element-populated\">\n\t\t\t\t\t\t\t<div class=\"elementor-widget-wrap\">\n\t\t\t\t\t\t<div class=\"elementor-element elementor-element-674126d elementor-widget elementor-widget-text-editor\" data-id=\"674126d\" data-element_type=\"widget\" data-widget_type=\"text-editor.default\">\n\t\t\t\t<div class=\"elementor-widget-container\">\n\t\t\t\t\t\t\t\t<div class=\"elementor-text-editor elementor-clearfix\">\n\t\t\t\t\t\t\t\t\t<\/div>\n\t\t\t\t\t\t<\/div>\n\t\t\t\t<\/div>\n\t\t\t\t\t\t<\/div>\n\t\t\t\t\t<\/div>\n\t\t<\/div>\n\t\t\t\t\t\t\t\t<\/div>\n\t\t\t\t\t<\/div>\n\t\t<\/section>\n\t\t\t\t<section class=\"has_eae_slider elementor-section elementor-top-section elementor-element elementor-element-b20232e elementor-section-boxed elementor-section-height-default elementor-section-height-default\" data-id=\"b20232e\" data-element_type=\"section\">\n\t\t\t\t\t\t<div class=\"elementor-container elementor-column-gap-default\">\n\t\t\t\t\t\t\t<div class=\"elementor-row\">\n\t\t\t\t\t<div class=\"has_eae_slider elementor-column elementor-col-50 elementor-top-column elementor-element elementor-element-7ab0493\" data-id=\"7ab0493\" data-element_type=\"column\">\n\t\t\t<div class=\"elementor-column-wrap elementor-element-populated\">\n\t\t\t\t\t\t\t<div class=\"elementor-widget-wrap\">\n\t\t\t\t\t\t<div class=\"elementor-element elementor-element-4846b90 elementor-widget elementor-widget-image\" data-id=\"4846b90\" data-element_type=\"widget\" data-widget_type=\"image.default\">\n\t\t\t\t<div class=\"elementor-widget-container\">\n\t\t\t\t\t\t\t\t<div class=\"elementor-image\">\n\t\t\t\t\t\t\t\t\t\t\t\t<img decoding=\"async\" width=\"1024\" height=\"527\" src=\"https:\/\/luwi-co.com\/wp-content\/uploads\/2021\/01\/vergihukuku-1024x527.jpg\" class=\"attachment-large size-large\" alt=\"\" loading=\"lazy\" srcset=\"https:\/\/luwi-co.com\/wp-content\/uploads\/2021\/01\/vergihukuku-1024x527.jpg 1024w, https:\/\/luwi-co.com\/wp-content\/uploads\/2021\/01\/vergihukuku-300x154.jpg 300w, https:\/\/luwi-co.com\/wp-content\/uploads\/2021\/01\/vergihukuku-768x395.jpg 768w, https:\/\/luwi-co.com\/wp-content\/uploads\/2021\/01\/vergihukuku-830x427.jpg 830w, https:\/\/luwi-co.com\/wp-content\/uploads\/2021\/01\/vergihukuku-230x118.jpg 230w, https:\/\/luwi-co.com\/wp-content\/uploads\/2021\/01\/vergihukuku-350x180.jpg 350w, https:\/\/luwi-co.com\/wp-content\/uploads\/2021\/01\/vergihukuku-480x247.jpg 480w, https:\/\/luwi-co.com\/wp-content\/uploads\/2021\/01\/vergihukuku.jpg 1080w\" sizes=\"(max-width: 1024px) 100vw, 1024px\" \/>\t\t\t\t\t\t\t\t\t\t\t\t\t\t<\/div>\n\t\t\t\t\t\t<\/div>\n\t\t\t\t<\/div>\n\t\t\t\t\t\t<\/div>\n\t\t\t\t\t<\/div>\n\t\t<\/div>\n\t\t\t\t<div class=\"has_eae_slider elementor-column elementor-col-50 elementor-top-column elementor-element elementor-element-53b7547\" data-id=\"53b7547\" data-element_type=\"column\">\n\t\t\t<div class=\"elementor-column-wrap elementor-element-populated\">\n\t\t\t\t\t\t\t<div class=\"elementor-widget-wrap\">\n\t\t\t\t\t\t<div class=\"elementor-element elementor-element-3e0e0bc elementor-widget elementor-widget-text-editor\" data-id=\"3e0e0bc\" data-element_type=\"widget\" data-widget_type=\"text-editor.default\">\n\t\t\t\t<div class=\"elementor-widget-container\">\n\t\t\t\t\t\t\t\t<div class=\"elementor-text-editor elementor-clearfix\">\n\t\t\t\t<p><span style=\"font-weight: bold;\">&nbsp;<\/span><\/p>\n<p><span style=\"font-weight: bold;\">VERG\u0130 HUKUKU<\/span><\/p>\n<p>Luwi Dan\u0131\u015fmanl\u0131k, m\u00fc\u015fterilerinin \u00e7e\u015fitli idarelerle uyu\u015fmazl\u0131klar\u0131n\u0131n \u00e7\u00f6z\u00fcm\u00fc ve t\u00fcm vergi ihtilaflar\u0131n\u0131n giderilmesi hususunda alanlar\u0131nda uzmanla\u015fm\u0131\u015f, i\u015f ortaklar\u0131yla g\u00fcvenilir bir hizmet sunuyor. Bu hizmetlerden baz\u0131lar\u0131;<\/p>\n<p><span style=\"text-indent: -18pt; background-color: transparent; font-family: Symbol;\">\u00b7<span style=\"font-variant-numeric: normal; font-variant-east-asian: normal; font-stretch: normal; font-size: 7pt; line-height: normal; font-family: 'Times New Roman';\"> &nbsp;&nbsp;&nbsp;&nbsp;&nbsp;&nbsp;<\/span><\/span>Her t\u00fcrl\u00fc idari ba\u015fvuru ve itirazlar\u0131n yap\u0131lmas\u0131<br><span style=\"background-color: transparent; text-indent: -18pt; font-family: Symbol;\">\u00b7<span style=\"font-variant-numeric: normal; font-variant-east-asian: normal; font-stretch: normal; font-size: 7pt; line-height: normal; font-family: 'Times New Roman';\">&nbsp; &nbsp; &nbsp; &nbsp;<\/span><\/span>\u0130dari yollar\u0131n t\u00fcketilmesi ve uzla\u015fma i\u015flemlerinin takibi<br><span style=\"background-color: transparent; text-indent: -18pt; font-family: Symbol;\">\u00b7<span style=\"font-variant-numeric: normal; font-variant-east-asian: normal; font-stretch: normal; font-size: 7pt; line-height: normal; font-family: 'Times New Roman';\"> &nbsp;&nbsp;&nbsp;&nbsp;&nbsp;&nbsp;<\/span><\/span><span style=\"background-color: transparent;\">Dava takibi ve uyu\u015fmazl\u0131klar\u0131n \u00e7\u00f6z\u00fcm\u00fc&nbsp;<\/span><\/p>\n<p><\/p>\t\t\t\t\t<\/div>\n\t\t\t\t\t\t<\/div>\n\t\t\t\t<\/div>\n\t\t\t\t\t\t<\/div>\n\t\t\t\t\t<\/div>\n\t\t<\/div>\n\t\t\t\t\t\t\t\t<\/div>\n\t\t\t\t\t<\/div>\n\t\t<\/section>\n\t\t\t\t\t\t\t\t\t<\/div>\n\t\t\t<\/div>\n\t\t\t\t\t<\/div>\n\t\t","protected":false},"excerpt":{"rendered":"<p>&nbsp; VERG\u0130 HUKUKU Luwi Dan\u0131\u015fmanl\u0131k, m\u00fc\u015fterilerinin \u00e7e\u015fitli idarelerle uyu\u015fmazl\u0131klar\u0131n\u0131n \u00e7\u00f6z\u00fcm\u00fc ve t\u00fcm vergi ihtilaflar\u0131n\u0131n giderilmesi hususunda alanlar\u0131nda uzmanla\u015fm\u0131\u015f, i\u015f ortaklar\u0131yla g\u00fcvenilir bir hizmet sunuyor. Bu hizmetlerden baz\u0131lar\u0131; \u00b7 &nbsp;&nbsp;&nbsp;&nbsp;&nbsp;&nbsp;Her t\u00fcrl\u00fc idari ba\u015fvuru ve itirazlar\u0131n yap\u0131lmas\u0131\u00b7&nbsp; &nbsp; &nbsp; &nbsp;\u0130dari yollar\u0131n t\u00fcketilmesi ve uzla\u015fma i\u015flemlerinin takibi\u00b7 &nbsp;&nbsp;&nbsp;&nbsp;&nbsp;&nbsp;Dava takibi ve uyu\u015fmazl\u0131klar\u0131n \u00e7\u00f6z\u00fcm\u00fc&nbsp;<\/p>\n","protected":false},"author":1,"featured_media":0,"parent":0,"menu_order":0,"comment_status":"closed","ping_status":"closed","template":"page-templates\/page_front-page.php","meta":[],"_links":{"self":[{"href":"https:\/\/luwi-co.com\/index.php?rest_route=\/wp\/v2\/pages\/800"}],"collection":[{"href":"https:\/\/luwi-co.com\/index.php?rest_route=\/wp\/v2\/pages"}],"about":[{"href":"https:\/\/luwi-co.com\/index.php?rest_route=\/wp\/v2\/types\/page"}],"author":[{"embeddable":true,"href":"https:\/\/luwi-co.com\/index.php?rest_route=\/wp\/v2\/users\/1"}],"replies":[{"embeddable":true,"href":"https:\/\/luwi-co.com\/index.php?rest_route=%2Fwp%2Fv2%2Fcomments&post=800"}],"version-history":[{"count":42,"href":"https:\/\/luwi-co.com\/index.php?rest_route=\/wp\/v2\/pages\/800\/revisions"}],"predecessor-version":[{"id":2156,"href":"https:\/\/luwi-co.com\/index.php?rest_route=\/wp\/v2\/pages\/800\/revisions\/2156"}],"wp:attachment":[{"href":"https:\/\/luwi-co.com\/index.php?rest_route=%2Fwp%2Fv2%2Fmedia&parent=800"}],"curies":[{"name":"wp","href":"https:\/\/api.w.org\/{rel}","templated":true}]}}