{"id":794,"date":"2021-01-05T13:25:45","date_gmt":"2021-01-05T10:25:45","guid":{"rendered":"http:\/\/luwi-co.com\/?page_id=794"},"modified":"2021-03-16T01:26:13","modified_gmt":"2021-03-15T22:26:13","slug":"sab","status":"publish","type":"page","link":"https:\/\/luwi-co.com\/?page_id=794","title":{"rendered":"Sat\u0131nAlma ve Birle\u015fme"},"content":{"rendered":"\t\t<div data-elementor-type=\"wp-page\" data-elementor-id=\"794\" class=\"elementor elementor-794\">\n\t\t\t\t\t\t<div class=\"elementor-inner\">\n\t\t\t\t<div class=\"elementor-section-wrap\">\n\t\t\t\t\t\t\t\t\t<section class=\"has_eae_slider elementor-section elementor-top-section elementor-element elementor-element-48fce7c elementor-section-boxed elementor-section-height-default elementor-section-height-default\" data-id=\"48fce7c\" data-element_type=\"section\">\n\t\t\t\t\t\t<div class=\"elementor-container elementor-column-gap-default\">\n\t\t\t\t\t\t\t<div class=\"elementor-row\">\n\t\t\t\t\t\t\t\t\t<\/div>\n\t\t\t\t\t<\/div>\n\t\t<\/section>\n\t\t\t\t<section class=\"has_eae_slider elementor-section elementor-top-section elementor-element elementor-element-6d178cb elementor-section-boxed elementor-section-height-default elementor-section-height-default\" data-id=\"6d178cb\" data-element_type=\"section\">\n\t\t\t\t\t\t<div class=\"elementor-container elementor-column-gap-default\">\n\t\t\t\t\t\t\t<div class=\"elementor-row\">\n\t\t\t\t\t<div class=\"has_eae_slider elementor-column elementor-col-100 elementor-top-column elementor-element elementor-element-1caa7e3\" data-id=\"1caa7e3\" data-element_type=\"column\">\n\t\t\t<div class=\"elementor-column-wrap elementor-element-populated\">\n\t\t\t\t\t\t\t<div class=\"elementor-widget-wrap\">\n\t\t\t\t\t\t<div class=\"elementor-element elementor-element-692bf07 elementor-widget elementor-widget-image\" data-id=\"692bf07\" data-element_type=\"widget\" data-widget_type=\"image.default\">\n\t\t\t\t<div class=\"elementor-widget-container\">\n\t\t\t\t\t\t\t\t<div class=\"elementor-image\">\n\t\t\t\t\t\t\t\t\t\t\t\t<img decoding=\"async\" width=\"1998\" height=\"1187\" src=\"https:\/\/luwi-co.com\/wp-content\/uploads\/2021\/01\/SB.jpg\" class=\"attachment-full size-full\" alt=\"\" loading=\"lazy\" srcset=\"https:\/\/luwi-co.com\/wp-content\/uploads\/2021\/01\/SB.jpg 1998w, https:\/\/luwi-co.com\/wp-content\/uploads\/2021\/01\/SB-300x178.jpg 300w, https:\/\/luwi-co.com\/wp-content\/uploads\/2021\/01\/SB-1024x608.jpg 1024w, https:\/\/luwi-co.com\/wp-content\/uploads\/2021\/01\/SB-768x456.jpg 768w, https:\/\/luwi-co.com\/wp-content\/uploads\/2021\/01\/SB-1536x913.jpg 1536w, https:\/\/luwi-co.com\/wp-content\/uploads\/2021\/01\/SB-830x493.jpg 830w, https:\/\/luwi-co.com\/wp-content\/uploads\/2021\/01\/SB-230x137.jpg 230w, https:\/\/luwi-co.com\/wp-content\/uploads\/2021\/01\/SB-350x208.jpg 350w, https:\/\/luwi-co.com\/wp-content\/uploads\/2021\/01\/SB-480x285.jpg 480w\" sizes=\"(max-width: 1998px) 100vw, 1998px\" \/>\t\t\t\t\t\t\t\t\t\t\t\t\t\t<\/div>\n\t\t\t\t\t\t<\/div>\n\t\t\t\t<\/div>\n\t\t\t\t\t\t<\/div>\n\t\t\t\t\t<\/div>\n\t\t<\/div>\n\t\t\t\t\t\t\t\t<\/div>\n\t\t\t\t\t<\/div>\n\t\t<\/section>\n\t\t\t\t<section class=\"has_eae_slider elementor-section elementor-top-section elementor-element elementor-element-615c33f elementor-section-boxed elementor-section-height-default elementor-section-height-default\" data-id=\"615c33f\" data-element_type=\"section\">\n\t\t\t\t\t\t<div class=\"elementor-container elementor-column-gap-default\">\n\t\t\t\t\t\t\t<div class=\"elementor-row\">\n\t\t\t\t\t<div class=\"has_eae_slider elementor-column elementor-col-100 elementor-top-column elementor-element elementor-element-6596a30\" data-id=\"6596a30\" data-element_type=\"column\">\n\t\t\t<div class=\"elementor-column-wrap elementor-element-populated\">\n\t\t\t\t\t\t\t<div class=\"elementor-widget-wrap\">\n\t\t\t\t\t\t<div class=\"elementor-element elementor-element-1e7ddcc elementor-widget elementor-widget-text-editor\" data-id=\"1e7ddcc\" data-element_type=\"widget\" data-widget_type=\"text-editor.default\">\n\t\t\t\t<div class=\"elementor-widget-container\">\n\t\t\t\t\t\t\t\t<div class=\"elementor-text-editor elementor-clearfix\">\n\t\t\t\t<p><span style=\"font-weight: bold;\">SATIN ALMA VE B\u0130RLE\u015eME<\/span><\/p><p>Bir\u00e7ok \u00f6nemli birle\u015fme ve sat\u0131n alma s\u00fcrecinde yer alan profesyonellerimizle Luwi Dan\u0131\u015fmanl\u0131k, \u00f6nemli f\u0131rsatlarla birlikte riskleri de bar\u0131nd\u0131ran, zaman zaman son derece karma\u015f\u0131k olabilen sat\u0131n alma ve birle\u015fme faaliyetlerini, \u015firketler a\u00e7\u0131s\u0131ndan daha sonu\u00e7 al\u0131c\u0131 bir yakla\u015f\u0131mla ele al\u0131yor.<\/p><p>Luwi Dan\u0131\u015fmanl\u0131k, stratejinin belirlenmesinde, sat\u0131n alma i\u015fleminin t\u00fcm safhalar\u0131nda hem al\u0131c\u0131 hem de sat\u0131c\u0131 taraf\u0131nda t\u00fcm ihtiya\u00e7lara hitap ediyor. Sa\u011fl\u0131k sekt\u00f6r\u00fcnde yatay birle\u015fme, \u015firket sat\u0131\u015f\u0131, varl\u0131k sat\u0131\u015f\u0131 ve ortak giri\u015fim yakla\u015f\u0131mlar\u0131nda a\u015fa\u011f\u0131daki kritik ba\u015fl\u0131klar \u00e7er\u00e7evesinde \u00e7\u00f6z\u00fcm sunuyor.<\/p><p><span style=\"font-family: Symbol; text-indent: -18pt; background-color: transparent;\">\u00b7<\/span><span style=\"font-family: 'Times New Roman'; font-size: 9.33333px; text-indent: -24px;\">\u00a0 \u00a0 \u00a0\u00a0<\/span>Pazar ve \u015eirket \u00d6n De\u011ferlendirmesi<br \/><span style=\"font-family: Symbol; text-indent: -18pt; background-color: transparent;\">\u00b7<\/span><span style=\"text-indent: -18pt; background-color: transparent; font-variant-numeric: normal; font-variant-east-asian: normal; font-stretch: normal; font-size: 7pt; line-height: normal; font-family: 'Times New Roman';\">\u00a0 \u00a0 \u00a0\u00a0<\/span><span style=\"text-indent: -18pt; background-color: transparent;\">Ticari ve Finansal De\u011ferlendirme<br \/><span style=\"font-family: Symbol; text-indent: -18pt; background-color: transparent;\">\u00b7<\/span><\/span><span style=\"font-family: 'Times New Roman'; font-size: 9.33333px; text-indent: -24px;\">\u00a0 \u00a0 \u00a0\u00a0<\/span>Organizasyon Deste\u011fi<\/p>\t\t\t\t\t<\/div>\n\t\t\t\t\t\t<\/div>\n\t\t\t\t<\/div>\n\t\t\t\t\t\t<\/div>\n\t\t\t\t\t<\/div>\n\t\t<\/div>\n\t\t\t\t\t\t\t\t<\/div>\n\t\t\t\t\t<\/div>\n\t\t<\/section>\n\t\t\t\t\t\t\t\t\t<\/div>\n\t\t\t<\/div>\n\t\t\t\t\t<\/div>\n\t\t","protected":false},"excerpt":{"rendered":"<p>SATIN ALMA VE B\u0130RLE\u015eME Bir\u00e7ok \u00f6nemli birle\u015fme ve sat\u0131n alma s\u00fcrecinde yer alan profesyonellerimizle Luwi Dan\u0131\u015fmanl\u0131k, \u00f6nemli f\u0131rsatlarla birlikte riskleri de bar\u0131nd\u0131ran, zaman zaman son derece karma\u015f\u0131k olabilen sat\u0131n alma ve birle\u015fme faaliyetlerini, \u015firketler a\u00e7\u0131s\u0131ndan daha sonu\u00e7 al\u0131c\u0131 bir yakla\u015f\u0131mla ele al\u0131yor. Luwi Dan\u0131\u015fmanl\u0131k, stratejinin belirlenmesinde, sat\u0131n alma i\u015fleminin t\u00fcm safhalar\u0131nda hem al\u0131c\u0131 hem de [&hellip;]<\/p>\n","protected":false},"author":1,"featured_media":0,"parent":0,"menu_order":0,"comment_status":"closed","ping_status":"closed","template":"page-templates\/page_front-page.php","meta":[],"_links":{"self":[{"href":"https:\/\/luwi-co.com\/index.php?rest_route=\/wp\/v2\/pages\/794"}],"collection":[{"href":"https:\/\/luwi-co.com\/index.php?rest_route=\/wp\/v2\/pages"}],"about":[{"href":"https:\/\/luwi-co.com\/index.php?rest_route=\/wp\/v2\/types\/page"}],"author":[{"embeddable":true,"href":"https:\/\/luwi-co.com\/index.php?rest_route=\/wp\/v2\/users\/1"}],"replies":[{"embeddable":true,"href":"https:\/\/luwi-co.com\/index.php?rest_route=%2Fwp%2Fv2%2Fcomments&post=794"}],"version-history":[{"count":43,"href":"https:\/\/luwi-co.com\/index.php?rest_route=\/wp\/v2\/pages\/794\/revisions"}],"predecessor-version":[{"id":2492,"href":"https:\/\/luwi-co.com\/index.php?rest_route=\/wp\/v2\/pages\/794\/revisions\/2492"}],"wp:attachment":[{"href":"https:\/\/luwi-co.com\/index.php?rest_route=%2Fwp%2Fv2%2Fmedia&parent=794"}],"curies":[{"name":"wp","href":"https:\/\/api.w.org\/{rel}","templated":true}]}}