{"id":787,"date":"2021-01-05T13:17:20","date_gmt":"2021-01-05T10:17:20","guid":{"rendered":"http:\/\/luwi-co.com\/?page_id=787"},"modified":"2021-01-26T00:11:07","modified_gmt":"2021-01-25T21:11:07","slug":"yd","status":"publish","type":"page","link":"https:\/\/luwi-co.com\/?page_id=787","title":{"rendered":"\u0130\u015f ve Sosyal G\u00fcvenlik Hukuku"},"content":{"rendered":"\t\t<div data-elementor-type=\"wp-page\" data-elementor-id=\"787\" class=\"elementor elementor-787\">\n\t\t\t\t\t\t<div class=\"elementor-inner\">\n\t\t\t\t<div class=\"elementor-section-wrap\">\n\t\t\t\t\t\t\t\t\t<section class=\"has_eae_slider elementor-section elementor-top-section elementor-element elementor-element-16513a9 elementor-section-boxed elementor-section-height-default elementor-section-height-default\" data-id=\"16513a9\" data-element_type=\"section\">\n\t\t\t\t\t\t<div class=\"elementor-container elementor-column-gap-default\">\n\t\t\t\t\t\t\t<div class=\"elementor-row\">\n\t\t\t\t\t\t\t\t\t<\/div>\n\t\t\t\t\t<\/div>\n\t\t<\/section>\n\t\t\t\t<section class=\"has_eae_slider elementor-section elementor-top-section elementor-element elementor-element-1676a3c elementor-section-boxed elementor-section-height-default elementor-section-height-default\" data-id=\"1676a3c\" data-element_type=\"section\">\n\t\t\t\t\t\t<div class=\"elementor-container elementor-column-gap-default\">\n\t\t\t\t\t\t\t<div class=\"elementor-row\">\n\t\t\t\t\t<div class=\"has_eae_slider elementor-column elementor-col-100 elementor-top-column elementor-element elementor-element-803fd2c\" data-id=\"803fd2c\" data-element_type=\"column\">\n\t\t\t<div class=\"elementor-column-wrap elementor-element-populated\">\n\t\t\t\t\t\t\t<div class=\"elementor-widget-wrap\">\n\t\t\t\t\t\t<div class=\"elementor-element elementor-element-45ec512 elementor-widget elementor-widget-text-editor\" data-id=\"45ec512\" data-element_type=\"widget\" data-widget_type=\"text-editor.default\">\n\t\t\t\t<div class=\"elementor-widget-container\">\n\t\t\t\t\t\t\t\t<div class=\"elementor-text-editor elementor-clearfix\">\n\t\t\t\t\t\t\t\t\t<\/div>\n\t\t\t\t\t\t<\/div>\n\t\t\t\t<\/div>\n\t\t\t\t\t\t<\/div>\n\t\t\t\t\t<\/div>\n\t\t<\/div>\n\t\t\t\t\t\t\t\t<\/div>\n\t\t\t\t\t<\/div>\n\t\t<\/section>\n\t\t\t\t<section class=\"has_eae_slider elementor-section elementor-top-section elementor-element elementor-element-7269bdf elementor-section-boxed elementor-section-height-default elementor-section-height-default\" data-id=\"7269bdf\" data-element_type=\"section\">\n\t\t\t\t\t\t<div class=\"elementor-container elementor-column-gap-default\">\n\t\t\t\t\t\t\t<div class=\"elementor-row\">\n\t\t\t\t\t<div class=\"has_eae_slider elementor-column elementor-col-100 elementor-top-column elementor-element elementor-element-08d1440\" data-id=\"08d1440\" data-element_type=\"column\">\n\t\t\t<div class=\"elementor-column-wrap elementor-element-populated\">\n\t\t\t\t\t\t\t<div class=\"elementor-widget-wrap\">\n\t\t\t\t\t\t<div class=\"elementor-element elementor-element-f1a971c elementor-widget elementor-widget-image\" data-id=\"f1a971c\" data-element_type=\"widget\" data-widget_type=\"image.default\">\n\t\t\t\t<div class=\"elementor-widget-container\">\n\t\t\t\t\t\t\t\t<div class=\"elementor-image\">\n\t\t\t\t\t\t\t\t\t\t\t\t<img decoding=\"async\" width=\"1024\" height=\"683\" src=\"https:\/\/luwi-co.com\/wp-content\/uploads\/2021\/01\/isgh1-1-1024x683.jpg\" class=\"attachment-large size-large\" alt=\"\" loading=\"lazy\" srcset=\"https:\/\/luwi-co.com\/wp-content\/uploads\/2021\/01\/isgh1-1-1024x683.jpg 1024w, https:\/\/luwi-co.com\/wp-content\/uploads\/2021\/01\/isgh1-1-300x200.jpg 300w, https:\/\/luwi-co.com\/wp-content\/uploads\/2021\/01\/isgh1-1-768x512.jpg 768w, https:\/\/luwi-co.com\/wp-content\/uploads\/2021\/01\/isgh1-1-1536x1024.jpg 1536w, https:\/\/luwi-co.com\/wp-content\/uploads\/2021\/01\/isgh1-1-2048x1365.jpg 2048w, https:\/\/luwi-co.com\/wp-content\/uploads\/2021\/01\/isgh1-1-830x553.jpg 830w, https:\/\/luwi-co.com\/wp-content\/uploads\/2021\/01\/isgh1-1-230x153.jpg 230w, https:\/\/luwi-co.com\/wp-content\/uploads\/2021\/01\/isgh1-1-350x233.jpg 350w, https:\/\/luwi-co.com\/wp-content\/uploads\/2021\/01\/isgh1-1-480x320.jpg 480w\" sizes=\"(max-width: 1024px) 100vw, 1024px\" \/>\t\t\t\t\t\t\t\t\t\t\t\t\t\t<\/div>\n\t\t\t\t\t\t<\/div>\n\t\t\t\t<\/div>\n\t\t\t\t\t\t<\/div>\n\t\t\t\t\t<\/div>\n\t\t<\/div>\n\t\t\t\t<div class=\"has_eae_slider elementor-column elementor-col-100 elementor-top-column elementor-element elementor-element-8697eea\" data-id=\"8697eea\" data-element_type=\"column\">\n\t\t\t<div class=\"elementor-column-wrap elementor-element-populated\">\n\t\t\t\t\t\t\t<div class=\"elementor-widget-wrap\">\n\t\t\t\t\t\t<div class=\"elementor-element elementor-element-8be0a44 elementor-widget elementor-widget-text-editor\" data-id=\"8be0a44\" data-element_type=\"widget\" data-widget_type=\"text-editor.default\">\n\t\t\t\t<div class=\"elementor-widget-container\">\n\t\t\t\t\t\t\t\t<div class=\"elementor-text-editor elementor-clearfix\">\n\t\t\t\t<p><strong>\u0130\u015e VE SOSYAL G\u00dcVENL\u0130K HUKUKU<\/strong><\/p><p>Luwi Dan\u0131\u015fmanl\u0131k, insan kaynaklar\u0131 birimleriyle s\u00fcrekli ileti\u015fim halinde \u00e7al\u0131\u015farak, istihdam s\u00fcrecinin ba\u015flad\u0131\u011f\u0131 andan sona erdi\u011fi ana kadar b\u00fct\u00fcn prosed\u00fcr\u00fcn yasal d\u00fczenlemelere uygun yerine getirilmesini sa\u011fl\u0131yor ve gerekli g\u00f6r\u00fcld\u00fc\u011f\u00fc durumlarda m\u00fcvekkil uygulamas\u0131n\u0131n mevzuata uygunlu\u011fu i\u00e7in yeniden tanzim edilmesine destek veriyor.<\/p><p><span style=\"background-color: transparent; color: #020a20; font-family: Symbol; letter-spacing: 0.266667px; text-indent: -24px;\">\u00b7<\/span><span style=\"background-color: transparent; color: #020a20; font-variant-numeric: normal; font-variant-east-asian: normal; font-stretch: normal; font-size: 7pt; line-height: normal; font-family: 'Times New Roman'; letter-spacing: 0.266667px; text-indent: -24px;\">\u00a0 \u00a0 \u00a0 \u00a0\u00a0<\/span>\u0130\u015f s\u00f6zle\u015fmesi taslaklar\u0131n\u0131n haz\u0131rlanmas\u0131<br \/><span style=\"color: #020a20; font-family: Symbol; letter-spacing: 0.266667px; text-indent: -24px;\">\u00b7<\/span><span style=\"color: #020a20; font-variant-numeric: normal; font-variant-east-asian: normal; font-stretch: normal; font-size: 7pt; line-height: normal; font-family: 'Times New Roman'; letter-spacing: 0.266667px; text-indent: -24px;\">\u00a0 \u00a0 \u00a0 \u00a0\u00a0<\/span>S\u00f6zle\u015fmelerin feshi ve i\u015ften \u00e7\u0131karma konular\u0131n\u0131n sulh veya dava yoluyla \u00e7\u00f6z\u00fcm\u00fc<br \/><span style=\"color: #020a20; font-family: Symbol; letter-spacing: 0.266667px; text-indent: -24px;\">\u00b7<\/span><span style=\"color: #020a20; font-variant-numeric: normal; font-variant-east-asian: normal; font-stretch: normal; font-size: 7pt; line-height: normal; font-family: 'Times New Roman'; letter-spacing: 0.266667px; text-indent: -24px;\">\u00a0 \u00a0 \u00a0 \u00a0\u00a0<\/span>\u0130\u015f kazas\u0131 ve hastal\u0131klar\u0131na ili\u015fkin cezai ve hukuki sorumluluklar hakk\u0131nda dan\u0131\u015fmanl\u0131k<br \/><span style=\"color: #020a20; font-family: Symbol; letter-spacing: 0.266667px; text-indent: -24px;\">\u00b7<\/span><span style=\"color: #020a20; font-variant-numeric: normal; font-variant-east-asian: normal; font-stretch: normal; font-size: 7pt; line-height: normal; font-family: 'Times New Roman'; letter-spacing: 0.266667px; text-indent: -24px;\">\u00a0 \u00a0 \u00a0 \u00a0\u00a0<\/span>\u0130\u015f Kanunu, Sosyal G\u00fcvenlik Kanunu ve i\u015fsizlik sigortas\u0131ndan do\u011fan y\u00fck\u00fcml\u00fcl\u00fcklere ili\u015fkin e\u011fitim hizmetlerinin sunulmas\u0131<\/p>\t\t\t\t\t<\/div>\n\t\t\t\t\t\t<\/div>\n\t\t\t\t<\/div>\n\t\t\t\t\t\t<\/div>\n\t\t\t\t\t<\/div>\n\t\t<\/div>\n\t\t\t\t\t\t\t\t<\/div>\n\t\t\t\t\t<\/div>\n\t\t<\/section>\n\t\t\t\t\t\t\t\t\t<\/div>\n\t\t\t<\/div>\n\t\t\t\t\t<\/div>\n\t\t","protected":false},"excerpt":{"rendered":"<p>\u0130\u015e VE SOSYAL G\u00dcVENL\u0130K HUKUKU Luwi Dan\u0131\u015fmanl\u0131k, insan kaynaklar\u0131 birimleriyle s\u00fcrekli ileti\u015fim halinde \u00e7al\u0131\u015farak, istihdam s\u00fcrecinin ba\u015flad\u0131\u011f\u0131 andan sona erdi\u011fi ana kadar b\u00fct\u00fcn prosed\u00fcr\u00fcn yasal d\u00fczenlemelere uygun yerine getirilmesini sa\u011fl\u0131yor ve gerekli g\u00f6r\u00fcld\u00fc\u011f\u00fc durumlarda m\u00fcvekkil uygulamas\u0131n\u0131n mevzuata uygunlu\u011fu i\u00e7in yeniden tanzim edilmesine destek veriyor. \u00b7\u00a0 \u00a0 \u00a0 \u00a0\u00a0\u0130\u015f s\u00f6zle\u015fmesi taslaklar\u0131n\u0131n haz\u0131rlanmas\u0131\u00b7\u00a0 \u00a0 \u00a0 \u00a0\u00a0S\u00f6zle\u015fmelerin feshi [&hellip;]<\/p>\n","protected":false},"author":1,"featured_media":0,"parent":0,"menu_order":0,"comment_status":"closed","ping_status":"closed","template":"page-templates\/page_front-page.php","meta":[],"_links":{"self":[{"href":"https:\/\/luwi-co.com\/index.php?rest_route=\/wp\/v2\/pages\/787"}],"collection":[{"href":"https:\/\/luwi-co.com\/index.php?rest_route=\/wp\/v2\/pages"}],"about":[{"href":"https:\/\/luwi-co.com\/index.php?rest_route=\/wp\/v2\/types\/page"}],"author":[{"embeddable":true,"href":"https:\/\/luwi-co.com\/index.php?rest_route=\/wp\/v2\/users\/1"}],"replies":[{"embeddable":true,"href":"https:\/\/luwi-co.com\/index.php?rest_route=%2Fwp%2Fv2%2Fcomments&post=787"}],"version-history":[{"count":74,"href":"https:\/\/luwi-co.com\/index.php?rest_route=\/wp\/v2\/pages\/787\/revisions"}],"predecessor-version":[{"id":2087,"href":"https:\/\/luwi-co.com\/index.php?rest_route=\/wp\/v2\/pages\/787\/revisions\/2087"}],"wp:attachment":[{"href":"https:\/\/luwi-co.com\/index.php?rest_route=%2Fwp%2Fv2%2Fmedia&parent=787"}],"curies":[{"name":"wp","href":"https:\/\/api.w.org\/{rel}","templated":true}]}}