{"id":639,"date":"2021-01-03T14:28:52","date_gmt":"2021-01-03T11:28:52","guid":{"rendered":"http:\/\/luwi-co.com\/?page_id=639"},"modified":"2021-03-16T15:08:15","modified_gmt":"2021-03-16T12:08:15","slug":"hakkimizda-2","status":"publish","type":"page","link":"https:\/\/luwi-co.com\/?page_id=639","title":{"rendered":"HAKKIMIZDA"},"content":{"rendered":"\t\t<div data-elementor-type=\"wp-page\" data-elementor-id=\"639\" class=\"elementor elementor-639\">\n\t\t\t\t\t\t<div class=\"elementor-inner\">\n\t\t\t\t<div class=\"elementor-section-wrap\">\n\t\t\t\t\t\t\t\t\t<section class=\"has_eae_slider elementor-section elementor-top-section elementor-element elementor-element-f06ce27 elementor-section-boxed elementor-section-height-default elementor-section-height-default\" data-id=\"f06ce27\" data-element_type=\"section\">\n\t\t\t\t\t\t<div class=\"elementor-container elementor-column-gap-default\">\n\t\t\t\t\t\t\t<div class=\"elementor-row\">\n\t\t\t\t\t<div class=\"has_eae_slider elementor-column elementor-col-100 elementor-top-column elementor-element elementor-element-e44797e\" data-id=\"e44797e\" data-element_type=\"column\">\n\t\t\t<div class=\"elementor-column-wrap elementor-element-populated\">\n\t\t\t\t\t\t\t<div class=\"elementor-widget-wrap\">\n\t\t\t\t\t\t<div class=\"elementor-element elementor-element-43f9cb6 elementor-widget elementor-widget-text-editor\" data-id=\"43f9cb6\" data-element_type=\"widget\" data-widget_type=\"text-editor.default\">\n\t\t\t\t<div class=\"elementor-widget-container\">\n\t\t\t\t\t\t\t\t<div class=\"elementor-text-editor elementor-clearfix\">\n\t\t\t\t\t\t\t\t\t<\/div>\n\t\t\t\t\t\t<\/div>\n\t\t\t\t<\/div>\n\t\t\t\t\t\t<\/div>\n\t\t\t\t\t<\/div>\n\t\t<\/div>\n\t\t\t\t\t\t\t\t<\/div>\n\t\t\t\t\t<\/div>\n\t\t<\/section>\n\t\t\t\t<section class=\"has_eae_slider elementor-section elementor-top-section elementor-element elementor-element-b18dc76 elementor-section-boxed elementor-section-height-default elementor-section-height-default\" data-id=\"b18dc76\" data-element_type=\"section\">\n\t\t\t\t\t\t<div class=\"elementor-container elementor-column-gap-default\">\n\t\t\t\t\t\t\t<div class=\"elementor-row\">\n\t\t\t\t\t<div class=\"has_eae_slider elementor-column elementor-col-100 elementor-top-column elementor-element elementor-element-a59e424\" data-id=\"a59e424\" data-element_type=\"column\">\n\t\t\t<div class=\"elementor-column-wrap elementor-element-populated\">\n\t\t\t\t\t\t\t<div class=\"elementor-widget-wrap\">\n\t\t\t\t\t\t<div class=\"elementor-element elementor-element-0370eb2 elementor-widget elementor-widget-text-editor\" data-id=\"0370eb2\" data-element_type=\"widget\" data-widget_type=\"text-editor.default\">\n\t\t\t\t<div class=\"elementor-widget-container\">\n\t\t\t\t\t\t\t\t<div class=\"elementor-text-editor elementor-clearfix\">\n\t\t\t\t<p>Luwi Dan\u0131\u015fmanl\u0131k, m\u00fc\u015fterilerine y\u00f6netim, yat\u0131r\u0131m ve strateji dan\u0131\u015fmanl\u0131\u011f\u0131 hizmeti vermek amac\u0131yla kuruldu. Tarafs\u0131z, yol g\u00f6sterici, de\u011fer katan ve \u00e7\u00f6z\u00fcm odakl\u0131 bir ya\u200b\u200bkla\u015f\u0131m\u0131 olan Luwi Dan\u0131\u015fmanl\u0131k, uzmanl\u0131k alanlar\u0131nda sekt\u00f6r ve dan\u0131\u015fmanl\u0131k tecr\u00fcbesi bulunan proje ekipleriyle butik \u00e7\u00f6z\u00fcmler sunmay\u0131 hedefliyor.\u00a0\u00a0Pazar ara\u015ft\u0131rmalar\u0131 ve dinamiklerini g\u00f6zeterek pazarlara uygun yakla\u015f\u0131m stratejileri ile m\u00fc\u015fterilerinin potansiyellerini art\u0131rarak i\u015f kapasitelerini b\u00fcy\u00fcterek s\u00fcrd\u00fcr\u00fclebilirli\u011fine katk\u0131 sa\u011fl\u0131yor. Luwi Dan\u0131\u015fmanl\u0131k, Stratejik Planlama, Kurumsal Performans Y\u00f6netimi, M\u00fc\u015fteri ve Pazar Stratejisi, K\u00e2rl\u0131l\u0131k Y\u00f6netimi, S\u00fcre\u00e7 ve Organizasyonel Yeniden Yap\u0131land\u0131rma, \u015eirket Birle\u015fme ve Sat\u0131\u015f\u0131 konular\u0131nda m\u00fc\u015fterileriyle ortak projeler geli\u015ftirerek, performanslar\u0131n\u0131 art\u0131rmay\u0131 \u00a0ama\u00e7l\u0131yor.<\/p>\t\t\t\t\t<\/div>\n\t\t\t\t\t\t<\/div>\n\t\t\t\t<\/div>\n\t\t\t\t\t\t<\/div>\n\t\t\t\t\t<\/div>\n\t\t<\/div>\n\t\t\t\t\t\t\t\t<\/div>\n\t\t\t\t\t<\/div>\n\t\t<\/section>\n\t\t\t\t<section class=\"has_eae_slider elementor-section elementor-top-section elementor-element elementor-element-e6d86aa elementor-section-boxed elementor-section-height-default elementor-section-height-default\" data-id=\"e6d86aa\" data-element_type=\"section\">\n\t\t\t\t\t\t<div class=\"elementor-container elementor-column-gap-default\">\n\t\t\t\t\t\t\t<div class=\"elementor-row\">\n\t\t\t\t\t<div class=\"has_eae_slider elementor-column elementor-col-50 elementor-top-column elementor-element elementor-element-224a2b3\" data-id=\"224a2b3\" data-element_type=\"column\">\n\t\t\t<div class=\"elementor-column-wrap elementor-element-populated\">\n\t\t\t\t\t\t\t<div class=\"elementor-widget-wrap\">\n\t\t\t\t\t\t<div class=\"elementor-element elementor-element-e8dd4db elementor-widget elementor-widget-image\" data-id=\"e8dd4db\" data-element_type=\"widget\" data-widget_type=\"image.default\">\n\t\t\t\t<div class=\"elementor-widget-container\">\n\t\t\t\t\t\t\t\t<div class=\"elementor-image\">\n\t\t\t\t\t\t\t\t\t\t\t\t<img decoding=\"async\" width=\"1024\" height=\"683\" src=\"https:\/\/luwi-co.com\/wp-content\/uploads\/2021\/01\/hakkimizda-1024x683.jpg\" class=\"attachment-large size-large\" alt=\"\" loading=\"lazy\" srcset=\"https:\/\/luwi-co.com\/wp-content\/uploads\/2021\/01\/hakkimizda-1024x683.jpg 1024w, https:\/\/luwi-co.com\/wp-content\/uploads\/2021\/01\/hakkimizda-300x200.jpg 300w, https:\/\/luwi-co.com\/wp-content\/uploads\/2021\/01\/hakkimizda-768x512.jpg 768w, https:\/\/luwi-co.com\/wp-content\/uploads\/2021\/01\/hakkimizda-1536x1024.jpg 1536w, https:\/\/luwi-co.com\/wp-content\/uploads\/2021\/01\/hakkimizda-2048x1365.jpg 2048w, https:\/\/luwi-co.com\/wp-content\/uploads\/2021\/01\/hakkimizda-830x553.jpg 830w, https:\/\/luwi-co.com\/wp-content\/uploads\/2021\/01\/hakkimizda-230x153.jpg 230w, https:\/\/luwi-co.com\/wp-content\/uploads\/2021\/01\/hakkimizda-350x233.jpg 350w, https:\/\/luwi-co.com\/wp-content\/uploads\/2021\/01\/hakkimizda-480x320.jpg 480w\" sizes=\"(max-width: 1024px) 100vw, 1024px\" \/>\t\t\t\t\t\t\t\t\t\t\t\t\t\t<\/div>\n\t\t\t\t\t\t<\/div>\n\t\t\t\t<\/div>\n\t\t\t\t\t\t<\/div>\n\t\t\t\t\t<\/div>\n\t\t<\/div>\n\t\t\t\t<div class=\"has_eae_slider elementor-column elementor-col-50 elementor-top-column elementor-element elementor-element-1a9929b\" data-id=\"1a9929b\" data-element_type=\"column\">\n\t\t\t<div class=\"elementor-column-wrap elementor-element-populated\">\n\t\t\t\t\t\t\t<div class=\"elementor-widget-wrap\">\n\t\t\t\t\t\t<div class=\"elementor-element elementor-element-f287609 elementor-button-warning elementor-align-left elementor-invisible elementor-widget elementor-widget-button\" data-id=\"f287609\" data-element_type=\"widget\" data-settings=\"{&quot;_animation&quot;:&quot;fadeInUp&quot;}\" data-widget_type=\"button.default\">\n\t\t\t\t<div class=\"elementor-widget-container\">\n\t\t\t\t\t<div class=\"elementor-button-wrapper\">\n\t\t\t<a href=\"#\" class=\"elementor-button-link elementor-button elementor-size-md\" role=\"button\">\n\t\t\t\t\t\t<span class=\"elementor-button-content-wrapper\">\n\t\t\t\t\t\t<span class=\"elementor-button-text\">V\u0130ZYONUMUZ<\/span>\n\t\t<\/span>\n\t\t\t\t\t<\/a>\n\t\t<\/div>\n\t\t\t\t<\/div>\n\t\t\t\t<\/div>\n\t\t\t\t<div class=\"elementor-element elementor-element-b1c2230 elementor-widget elementor-widget-text-editor\" data-id=\"b1c2230\" data-element_type=\"widget\" data-widget_type=\"text-editor.default\">\n\t\t\t\t<div class=\"elementor-widget-container\">\n\t\t\t\t\t\t\t\t<div class=\"elementor-text-editor elementor-clearfix\">\n\t\t\t\t<p>\u0130lkeli ve de\u011fer katan \u00e7\u00f6z\u00fcmlerle m\u00fc\u015fterilerimizin ihtiyac\u0131n\u0131 kar\u015f\u0131layan, \u00e7\u00f6z\u00fcm odakl\u0131, g\u00fcvenilir, \u00f6nder ve sayg\u0131n bir \u015firket olmak.<\/p>\t\t\t\t\t<\/div>\n\t\t\t\t\t\t<\/div>\n\t\t\t\t<\/div>\n\t\t\t\t<div class=\"elementor-element elementor-element-1042256 elementor-button-warning elementor-align-left elementor-invisible elementor-widget elementor-widget-button\" data-id=\"1042256\" data-element_type=\"widget\" data-settings=\"{&quot;_animation&quot;:&quot;fadeInUp&quot;}\" data-widget_type=\"button.default\">\n\t\t\t\t<div class=\"elementor-widget-container\">\n\t\t\t\t\t<div class=\"elementor-button-wrapper\">\n\t\t\t<a href=\"#\" class=\"elementor-button-link elementor-button elementor-size-md\" role=\"button\">\n\t\t\t\t\t\t<span class=\"elementor-button-content-wrapper\">\n\t\t\t\t\t\t<span class=\"elementor-button-text\">M\u0130SYONUMUZ<\/span>\n\t\t<\/span>\n\t\t\t\t\t<\/a>\n\t\t<\/div>\n\t\t\t\t<\/div>\n\t\t\t\t<\/div>\n\t\t\t\t<div class=\"elementor-element elementor-element-fe93989 elementor-widget elementor-widget-text-editor\" data-id=\"fe93989\" data-element_type=\"widget\" data-widget_type=\"text-editor.default\">\n\t\t\t\t<div class=\"elementor-widget-container\">\n\t\t\t\t\t\t\t\t<div class=\"elementor-text-editor elementor-clearfix\">\n\t\t\t\t<p>Bilgi, beceri ve fark yaratan y\u00f6ntem ve tecr\u00fcbelerimizle yol g\u00f6stermek, tarafs\u0131zl\u0131k ve \u015feffafl\u0131k ilkelerinden \u00f6d\u00fcn vermeden m\u00fc\u015fterilerimizin \u00e7\u0131karlar\u0131n\u0131 g\u00f6zetmek, rekabet g\u00fcc\u00fcn\u00fcn geli\u015ftirilmesine katk\u0131da bulunmak, sahip oldu\u011fumuz ve olu\u015fturaca\u011f\u0131m\u0131z know how\u2019\u0131 payla\u015farak birlikte\u00a0hedefe ula\u015fmak.<\/p>\t\t\t\t\t<\/div>\n\t\t\t\t\t\t<\/div>\n\t\t\t\t<\/div>\n\t\t\t\t\t\t<\/div>\n\t\t\t\t\t<\/div>\n\t\t<\/div>\n\t\t\t\t\t\t\t\t<\/div>\n\t\t\t\t\t<\/div>\n\t\t<\/section>\n\t\t\t\t<section class=\"has_eae_slider elementor-section elementor-top-section elementor-element elementor-element-59dbadd elementor-section-boxed elementor-section-height-default elementor-section-height-default\" data-id=\"59dbadd\" data-element_type=\"section\">\n\t\t\t\t\t\t<div class=\"elementor-container elementor-column-gap-default\">\n\t\t\t\t\t\t\t<div class=\"elementor-row\">\n\t\t\t\t\t<div class=\"has_eae_slider elementor-column elementor-col-100 elementor-top-column elementor-element elementor-element-4dbcb9c\" data-id=\"4dbcb9c\" data-element_type=\"column\">\n\t\t\t<div class=\"elementor-column-wrap elementor-element-populated\">\n\t\t\t\t\t\t\t<div class=\"elementor-widget-wrap\">\n\t\t\t\t\t\t<div class=\"elementor-element elementor-element-1cb9409 elementor-button-warning elementor-align-left elementor-invisible elementor-widget elementor-widget-button\" data-id=\"1cb9409\" data-element_type=\"widget\" data-settings=\"{&quot;_animation&quot;:&quot;fadeInUp&quot;}\" data-widget_type=\"button.default\">\n\t\t\t\t<div class=\"elementor-widget-container\">\n\t\t\t\t\t<div class=\"elementor-button-wrapper\">\n\t\t\t<a href=\"#\" class=\"elementor-button-link elementor-button elementor-size-md\" role=\"button\">\n\t\t\t\t\t\t<span class=\"elementor-button-content-wrapper\">\n\t\t\t\t\t\t<span class=\"elementor-button-text\">TEMEL DE\u011eERLER\u0130M\u0130Z<\/span>\n\t\t<\/span>\n\t\t\t\t\t<\/a>\n\t\t<\/div>\n\t\t\t\t<\/div>\n\t\t\t\t<\/div>\n\t\t\t\t<div class=\"elementor-element elementor-element-4f31640 elementor-widget elementor-widget-text-editor\" data-id=\"4f31640\" data-element_type=\"widget\" data-widget_type=\"text-editor.default\">\n\t\t\t\t<div class=\"elementor-widget-container\">\n\t\t\t\t\t\t\t\t<div class=\"elementor-text-editor elementor-clearfix\">\n\t\t\t\t<p>T\u00fcm ili\u015fki ve s\u00fcre\u00e7lerimizde \u00f6nceliklerimiz; g\u00fcvenilirlik, d\u00fcr\u00fcstl\u00fck, tarafs\u0131zl\u0131k, ba\u011fl\u0131l\u0131k, gizlilik ve sayg\u0131.<\/p>\t\t\t\t\t<\/div>\n\t\t\t\t\t\t<\/div>\n\t\t\t\t<\/div>\n\t\t\t\t\t\t<\/div>\n\t\t\t\t\t<\/div>\n\t\t<\/div>\n\t\t\t\t\t\t\t\t<\/div>\n\t\t\t\t\t<\/div>\n\t\t<\/section>\n\t\t\t\t\t\t\t\t\t<\/div>\n\t\t\t<\/div>\n\t\t\t\t\t<\/div>\n\t\t","protected":false},"excerpt":{"rendered":"<p>Luwi Dan\u0131\u015fmanl\u0131k, m\u00fc\u015fterilerine y\u00f6netim, yat\u0131r\u0131m ve strateji dan\u0131\u015fmanl\u0131\u011f\u0131 hizmeti vermek amac\u0131yla kuruldu. Tarafs\u0131z, yol g\u00f6sterici, de\u011fer katan ve \u00e7\u00f6z\u00fcm odakl\u0131 bir ya\u200b\u200bkla\u015f\u0131m\u0131 olan Luwi Dan\u0131\u015fmanl\u0131k, uzmanl\u0131k alanlar\u0131nda sekt\u00f6r ve dan\u0131\u015fmanl\u0131k tecr\u00fcbesi bulunan proje ekipleriyle butik \u00e7\u00f6z\u00fcmler sunmay\u0131 hedefliyor.\u00a0\u00a0Pazar ara\u015ft\u0131rmalar\u0131 ve dinamiklerini g\u00f6zeterek pazarlara uygun yakla\u015f\u0131m stratejileri ile m\u00fc\u015fterilerinin potansiyellerini art\u0131rarak i\u015f kapasitelerini b\u00fcy\u00fcterek s\u00fcrd\u00fcr\u00fclebilirli\u011fine katk\u0131 [&hellip;]<\/p>\n","protected":false},"author":1,"featured_media":0,"parent":0,"menu_order":0,"comment_status":"closed","ping_status":"closed","template":"page-templates\/page_front-page.php","meta":[],"_links":{"self":[{"href":"https:\/\/luwi-co.com\/index.php?rest_route=\/wp\/v2\/pages\/639"}],"collection":[{"href":"https:\/\/luwi-co.com\/index.php?rest_route=\/wp\/v2\/pages"}],"about":[{"href":"https:\/\/luwi-co.com\/index.php?rest_route=\/wp\/v2\/types\/page"}],"author":[{"embeddable":true,"href":"https:\/\/luwi-co.com\/index.php?rest_route=\/wp\/v2\/users\/1"}],"replies":[{"embeddable":true,"href":"https:\/\/luwi-co.com\/index.php?rest_route=%2Fwp%2Fv2%2Fcomments&post=639"}],"version-history":[{"count":185,"href":"https:\/\/luwi-co.com\/index.php?rest_route=\/wp\/v2\/pages\/639\/revisions"}],"predecessor-version":[{"id":2501,"href":"https:\/\/luwi-co.com\/index.php?rest_route=\/wp\/v2\/pages\/639\/revisions\/2501"}],"wp:attachment":[{"href":"https:\/\/luwi-co.com\/index.php?rest_route=%2Fwp%2Fv2%2Fmedia&parent=639"}],"curies":[{"name":"wp","href":"https:\/\/api.w.org\/{rel}","templated":true}]}}