{"id":2278,"date":"2021-02-23T15:14:35","date_gmt":"2021-02-23T12:14:35","guid":{"rendered":"http:\/\/luwi-co.com\/?page_id=2278"},"modified":"2021-03-15T16:09:02","modified_gmt":"2021-03-15T13:09:02","slug":"yonetim-danismanligi-en","status":"publish","type":"page","link":"https:\/\/luwi-co.com\/?page_id=2278&lang=en","title":{"rendered":"Y\u00f6netim Dan\u0131\u015fmanl\u0131\u011f\u0131-en"},"content":{"rendered":"\t\t<div data-elementor-type=\"wp-page\" data-elementor-id=\"2278\" class=\"elementor elementor-2278\">\n\t\t\t\t\t\t<div class=\"elementor-inner\">\n\t\t\t\t<div class=\"elementor-section-wrap\">\n\t\t\t\t\t\t\t\t\t<section class=\"has_eae_slider elementor-section elementor-top-section elementor-element elementor-element-c34dbdd elementor-section-boxed elementor-section-height-default elementor-section-height-default\" data-id=\"c34dbdd\" data-element_type=\"section\">\n\t\t\t\t\t\t<div class=\"elementor-container elementor-column-gap-default\">\n\t\t\t\t\t\t\t<div class=\"elementor-row\">\n\t\t\t\t\t<div class=\"has_eae_slider elementor-column elementor-col-100 elementor-top-column elementor-element elementor-element-3008be4\" data-id=\"3008be4\" data-element_type=\"column\">\n\t\t\t<div class=\"elementor-column-wrap elementor-element-populated\">\n\t\t\t\t\t\t\t<div class=\"elementor-widget-wrap\">\n\t\t\t\t\t\t<div class=\"elementor-element elementor-element-fa9c8d1 elementor-widget elementor-widget-image\" data-id=\"fa9c8d1\" data-element_type=\"widget\" data-widget_type=\"image.default\">\n\t\t\t\t<div class=\"elementor-widget-container\">\n\t\t\t\t\t\t\t\t<div class=\"elementor-image\">\n\t\t\t\t\t\t\t\t\t\t\t\t<img decoding=\"async\" width=\"1313\" height=\"756\" src=\"https:\/\/luwi-co.com\/wp-content\/uploads\/2021\/01\/yd.jpg\" class=\"attachment-1536x1536 size-1536x1536\" alt=\"\" loading=\"lazy\" srcset=\"https:\/\/luwi-co.com\/wp-content\/uploads\/2021\/01\/yd.jpg 1313w, https:\/\/luwi-co.com\/wp-content\/uploads\/2021\/01\/yd-300x173.jpg 300w, https:\/\/luwi-co.com\/wp-content\/uploads\/2021\/01\/yd-1024x590.jpg 1024w, https:\/\/luwi-co.com\/wp-content\/uploads\/2021\/01\/yd-768x442.jpg 768w, https:\/\/luwi-co.com\/wp-content\/uploads\/2021\/01\/yd-830x478.jpg 830w, https:\/\/luwi-co.com\/wp-content\/uploads\/2021\/01\/yd-230x132.jpg 230w, https:\/\/luwi-co.com\/wp-content\/uploads\/2021\/01\/yd-350x202.jpg 350w, https:\/\/luwi-co.com\/wp-content\/uploads\/2021\/01\/yd-480x276.jpg 480w\" sizes=\"(max-width: 1313px) 100vw, 1313px\" \/>\t\t\t\t\t\t\t\t\t\t\t\t\t\t<\/div>\n\t\t\t\t\t\t<\/div>\n\t\t\t\t<\/div>\n\t\t\t\t\t\t<\/div>\n\t\t\t\t\t<\/div>\n\t\t<\/div>\n\t\t\t\t\t\t\t\t<\/div>\n\t\t\t\t\t<\/div>\n\t\t<\/section>\n\t\t\t\t<section class=\"has_eae_slider elementor-section elementor-top-section elementor-element elementor-element-6877050 elementor-section-boxed elementor-section-height-default elementor-section-height-default\" data-id=\"6877050\" data-element_type=\"section\">\n\t\t\t\t\t\t<div class=\"elementor-container elementor-column-gap-default\">\n\t\t\t\t\t\t\t<div class=\"elementor-row\">\n\t\t\t\t\t<div class=\"has_eae_slider elementor-column elementor-col-100 elementor-top-column elementor-element elementor-element-efffa9b\" data-id=\"efffa9b\" data-element_type=\"column\">\n\t\t\t<div class=\"elementor-column-wrap elementor-element-populated\">\n\t\t\t\t\t\t\t<div class=\"elementor-widget-wrap\">\n\t\t\t\t\t\t<div class=\"elementor-element elementor-element-0a7fd68 elementor-widget elementor-widget-text-editor\" data-id=\"0a7fd68\" data-element_type=\"widget\" data-widget_type=\"text-editor.default\">\n\t\t\t\t<div class=\"elementor-widget-container\">\n\t\t\t\t\t\t\t\t<div class=\"elementor-text-editor elementor-clearfix\">\n\t\t\t\t<p><strong>MANAGEMENT CONSULTATION<\/strong><\/p><p>Management Consultation is a professional service that helps companies and organizations analyze the problems they encounter, find solutions, improve their organization\u2019s performance, benefit from the experiences of other executives and organizations and utilize new business opportunities. Management consultation, at the same time, is in a close interaction with other professions.<\/p><p>As Luwi Consulting, we use our vast experience accumulated in many decades in different business areas to help companies reveal their true identity and reclaim it as the center of their operating systems. Thus, we establish a sound basis for a sustainable achievement with a coordinated working approach.<\/p><p>We aim to provide a fast and efficient process managament for the topics below:<\/p><p><span style=\"font-family: Symbol; text-indent: -18pt; background-color: transparent;\">\u00b7<span style=\"text-indent: -18pt; background-color: transparent; font-variant-numeric: normal; font-variant-east-asian: normal; font-stretch: normal; font-size: 7pt; line-height: normal;\">\u00a0 \u00a0 \u00a0\u00a0<\/span><\/span><a href=\"https:\/\/luwi-co.com\/?page_id=2266&amp;lang=en\">Quality in Healthcare<\/a><br \/><span style=\"font-family: Symbol; text-indent: -18pt; background-color: transparent;\">\u00b7<span style=\"text-indent: -18pt; background-color: transparent; font-variant-numeric: normal; font-variant-east-asian: normal; font-stretch: normal; font-size: 7pt; line-height: normal;\">\u00a0 \u00a0 \u00a0 <\/span><\/span><a href=\"https:\/\/luwi-co.com\/?page_id=2262&amp;lang=en\">Operational Efficiency<\/a><br \/><span style=\"background-color: transparent; font-family: Symbol; text-indent: -18pt;\">\u00b7<span style=\"text-indent: -18pt; background-color: transparent; font-variant-numeric: normal; font-variant-east-asian: normal; font-stretch: normal; font-size: 7pt; line-height: normal;\">\u00a0 \u00a0 \u00a0 <\/span><\/span><a href=\"https:\/\/luwi-co.com\/?page_id=2250&amp;lang=en\">Human Resources Management<\/a><br \/><span style=\"background-color: transparent; font-family: Symbol; text-indent: -18pt;\">\u00b7<span style=\"text-indent: -18pt; background-color: transparent; font-variant-numeric: normal; font-variant-east-asian: normal; font-stretch: normal; font-size: 7pt; line-height: normal;\">\u00a0 \u00a0 \u00a0 <\/span><\/span><a href=\"https:\/\/luwi-co.com\/?page_id=2258&amp;lang=en\">Corporate Risk Management<\/a><\/p>\t\t\t\t\t<\/div>\n\t\t\t\t\t\t<\/div>\n\t\t\t\t<\/div>\n\t\t\t\t\t\t<\/div>\n\t\t\t\t\t<\/div>\n\t\t<\/div>\n\t\t\t\t\t\t\t\t<\/div>\n\t\t\t\t\t<\/div>\n\t\t<\/section>\n\t\t\t\t\t\t\t\t\t<\/div>\n\t\t\t<\/div>\n\t\t\t\t\t<\/div>\n\t\t","protected":false},"excerpt":{"rendered":"<p>MANAGEMENT CONSULTATION Management Consultation is a professional service that helps companies and organizations analyze the problems they encounter, find solutions, improve their organization\u2019s performance, benefit from the experiences of other executives and organizations and utilize new business opportunities. Management consultation, at the same time, is in a close interaction with other professions. As Luwi Consulting, [&hellip;]<\/p>\n","protected":false},"author":1,"featured_media":0,"parent":0,"menu_order":0,"comment_status":"closed","ping_status":"closed","template":"page-templates\/page_front-page.php","meta":[],"_links":{"self":[{"href":"https:\/\/luwi-co.com\/index.php?rest_route=\/wp\/v2\/pages\/2278"}],"collection":[{"href":"https:\/\/luwi-co.com\/index.php?rest_route=\/wp\/v2\/pages"}],"about":[{"href":"https:\/\/luwi-co.com\/index.php?rest_route=\/wp\/v2\/types\/page"}],"author":[{"embeddable":true,"href":"https:\/\/luwi-co.com\/index.php?rest_route=\/wp\/v2\/users\/1"}],"replies":[{"embeddable":true,"href":"https:\/\/luwi-co.com\/index.php?rest_route=%2Fwp%2Fv2%2Fcomments&post=2278"}],"version-history":[{"count":7,"href":"https:\/\/luwi-co.com\/index.php?rest_route=\/wp\/v2\/pages\/2278\/revisions"}],"predecessor-version":[{"id":2424,"href":"https:\/\/luwi-co.com\/index.php?rest_route=\/wp\/v2\/pages\/2278\/revisions\/2424"}],"wp:attachment":[{"href":"https:\/\/luwi-co.com\/index.php?rest_route=%2Fwp%2Fv2%2Fmedia&parent=2278"}],"curies":[{"name":"wp","href":"https:\/\/api.w.org\/{rel}","templated":true}]}}