{"id":2274,"date":"2021-02-23T15:12:44","date_gmt":"2021-02-23T12:12:44","guid":{"rendered":"http:\/\/luwi-co.com\/?page_id=2274"},"modified":"2021-03-16T15:26:49","modified_gmt":"2021-03-16T12:26:49","slug":"ticari-hizmetler-en","status":"publish","type":"page","link":"https:\/\/luwi-co.com\/?page_id=2274&lang=en","title":{"rendered":"T\u0130CAR\u0130 H\u0130ZMETLER-en"},"content":{"rendered":"\t\t<div data-elementor-type=\"wp-page\" data-elementor-id=\"2274\" class=\"elementor elementor-2274\">\n\t\t\t\t\t\t<div class=\"elementor-inner\">\n\t\t\t\t<div class=\"elementor-section-wrap\">\n\t\t\t\t\t\t\t\t\t<section class=\"has_eae_slider elementor-section elementor-top-section elementor-element elementor-element-5b0eced elementor-section-boxed elementor-section-height-default elementor-section-height-default\" data-id=\"5b0eced\" data-element_type=\"section\">\n\t\t\t\t\t\t<div class=\"elementor-container elementor-column-gap-default\">\n\t\t\t\t\t\t\t<div class=\"elementor-row\">\n\t\t\t\t\t<div class=\"has_eae_slider elementor-column elementor-col-100 elementor-top-column elementor-element elementor-element-1552307\" data-id=\"1552307\" data-element_type=\"column\">\n\t\t\t<div class=\"elementor-column-wrap elementor-element-populated\">\n\t\t\t\t\t\t\t<div class=\"elementor-widget-wrap\">\n\t\t\t\t\t\t<div class=\"elementor-element elementor-element-0f0e6eb elementor-widget elementor-widget-image\" data-id=\"0f0e6eb\" data-element_type=\"widget\" data-widget_type=\"image.default\">\n\t\t\t\t<div class=\"elementor-widget-container\">\n\t\t\t\t\t\t\t\t<div class=\"elementor-image\">\n\t\t\t\t\t\t\t\t\t\t\t\t<img decoding=\"async\" width=\"1024\" height=\"429\" src=\"https:\/\/luwi-co.com\/wp-content\/uploads\/2021\/01\/tpd-1024x429.jpg\" class=\"attachment-large size-large\" alt=\"\" loading=\"lazy\" srcset=\"https:\/\/luwi-co.com\/wp-content\/uploads\/2021\/01\/tpd-1024x429.jpg 1024w, https:\/\/luwi-co.com\/wp-content\/uploads\/2021\/01\/tpd-300x126.jpg 300w, https:\/\/luwi-co.com\/wp-content\/uploads\/2021\/01\/tpd-768x322.jpg 768w, https:\/\/luwi-co.com\/wp-content\/uploads\/2021\/01\/tpd-1536x644.jpg 1536w, https:\/\/luwi-co.com\/wp-content\/uploads\/2021\/01\/tpd-2048x858.jpg 2048w, https:\/\/luwi-co.com\/wp-content\/uploads\/2021\/01\/tpd-830x348.jpg 830w, https:\/\/luwi-co.com\/wp-content\/uploads\/2021\/01\/tpd-230x96.jpg 230w, https:\/\/luwi-co.com\/wp-content\/uploads\/2021\/01\/tpd-350x147.jpg 350w, https:\/\/luwi-co.com\/wp-content\/uploads\/2021\/01\/tpd-480x201.jpg 480w\" sizes=\"(max-width: 1024px) 100vw, 1024px\" \/>\t\t\t\t\t\t\t\t\t\t\t\t\t\t<\/div>\n\t\t\t\t\t\t<\/div>\n\t\t\t\t<\/div>\n\t\t\t\t\t\t<\/div>\n\t\t\t\t\t<\/div>\n\t\t<\/div>\n\t\t\t\t\t\t\t\t<\/div>\n\t\t\t\t\t<\/div>\n\t\t<\/section>\n\t\t\t\t<section class=\"has_eae_slider elementor-section elementor-top-section elementor-element elementor-element-1f6c5aa elementor-section-boxed elementor-section-height-default elementor-section-height-default\" data-id=\"1f6c5aa\" data-element_type=\"section\">\n\t\t\t\t\t\t<div class=\"elementor-container elementor-column-gap-default\">\n\t\t\t\t\t\t\t<div class=\"elementor-row\">\n\t\t\t\t\t<div class=\"has_eae_slider elementor-column elementor-col-100 elementor-top-column elementor-element elementor-element-25ac1c4\" data-id=\"25ac1c4\" data-element_type=\"column\">\n\t\t\t<div class=\"elementor-column-wrap elementor-element-populated\">\n\t\t\t\t\t\t\t<div class=\"elementor-widget-wrap\">\n\t\t\t\t\t\t<div class=\"elementor-element elementor-element-997fd2e elementor-widget elementor-widget-text-editor\" data-id=\"997fd2e\" data-element_type=\"widget\" data-widget_type=\"text-editor.default\">\n\t\t\t\t<div class=\"elementor-widget-container\">\n\t\t\t\t\t\t\t\t<div class=\"elementor-text-editor elementor-clearfix\">\n\t\t\t\t<p><strong>COMMERCIAL SERVICES<\/strong><\/p><p>The commercial services sector has an important potential in terms of entrepreneurship. Due to the globalization of the economy and increasing potential of the country, Luwi Consulting provides an organization that facilitates access to innovative productions and products with high economic value in below mentioned areas.<\/p><p><span style=\"font-family: Symbol; text-indent: -18pt; background-color: transparent;\">\u00b7<span style=\"text-indent: -18pt; background-color: transparent; font-variant-numeric: normal; font-variant-east-asian: normal; font-stretch: normal; font-size: 7pt; line-height: normal;\">\u00a0 \u00a0 \u00a0 <\/span><\/span>General Product Supply<br \/><span style=\"font-family: Symbol; text-indent: -18pt; background-color: transparent;\">\u00b7<span style=\"text-indent: -18pt; background-color: transparent; font-variant-numeric: normal; font-variant-east-asian: normal; font-stretch: normal; font-size: 7pt; line-height: normal;\">\u00a0 \u00a0 \u00a0 <\/span><\/span><a href=\"https:\/\/luwi-co.com\/?page_id=2197&amp;lang=en\">Solar Energy Systems<\/a><br \/><span style=\"background-color: transparent; font-family: Symbol; text-indent: -18pt;\">\u00b7<span style=\"text-indent: -18pt; background-color: transparent; font-variant-numeric: normal; font-variant-east-asian: normal; font-stretch: normal; font-size: 7pt; line-height: normal;\">\u00a0 \u00a0 \u00a0\u00a0<\/span><\/span>Food Industry<br \/><span style=\"background-color: transparent; font-family: Symbol; text-indent: -18pt;\">\u00b7<span style=\"text-indent: -18pt; background-color: transparent; font-variant-numeric: normal; font-variant-east-asian: normal; font-stretch: normal; font-size: 7pt; line-height: normal;\">\u00a0 \u00a0 \u00a0\u00a0<\/span><\/span>Medical Industry<\/p>\t\t\t\t\t<\/div>\n\t\t\t\t\t\t<\/div>\n\t\t\t\t<\/div>\n\t\t\t\t\t\t<\/div>\n\t\t\t\t\t<\/div>\n\t\t<\/div>\n\t\t\t\t\t\t\t\t<\/div>\n\t\t\t\t\t<\/div>\n\t\t<\/section>\n\t\t\t\t\t\t\t\t\t<\/div>\n\t\t\t<\/div>\n\t\t\t\t\t<\/div>\n\t\t","protected":false},"excerpt":{"rendered":"<p>COMMERCIAL SERVICES The commercial services sector has an important potential in terms of entrepreneurship. Due to the globalization of the economy and increasing potential of the country, Luwi Consulting provides an organization that facilitates access to innovative productions and products with high economic value in below mentioned areas. \u00b7\u00a0 \u00a0 \u00a0 General Product Supply\u00b7\u00a0 \u00a0 [&hellip;]<\/p>\n","protected":false},"author":1,"featured_media":0,"parent":0,"menu_order":0,"comment_status":"closed","ping_status":"closed","template":"page-templates\/page_front-page.php","meta":[],"_links":{"self":[{"href":"https:\/\/luwi-co.com\/index.php?rest_route=\/wp\/v2\/pages\/2274"}],"collection":[{"href":"https:\/\/luwi-co.com\/index.php?rest_route=\/wp\/v2\/pages"}],"about":[{"href":"https:\/\/luwi-co.com\/index.php?rest_route=\/wp\/v2\/types\/page"}],"author":[{"embeddable":true,"href":"https:\/\/luwi-co.com\/index.php?rest_route=\/wp\/v2\/users\/1"}],"replies":[{"embeddable":true,"href":"https:\/\/luwi-co.com\/index.php?rest_route=%2Fwp%2Fv2%2Fcomments&post=2274"}],"version-history":[{"count":13,"href":"https:\/\/luwi-co.com\/index.php?rest_route=\/wp\/v2\/pages\/2274\/revisions"}],"predecessor-version":[{"id":2513,"href":"https:\/\/luwi-co.com\/index.php?rest_route=\/wp\/v2\/pages\/2274\/revisions\/2513"}],"wp:attachment":[{"href":"https:\/\/luwi-co.com\/index.php?rest_route=%2Fwp%2Fv2%2Fmedia&parent=2274"}],"curies":[{"name":"wp","href":"https:\/\/api.w.org\/{rel}","templated":true}]}}