{"id":2255,"date":"2021-02-23T15:00:39","date_gmt":"2021-02-23T12:00:39","guid":{"rendered":"http:\/\/luwi-co.com\/?page_id=2255"},"modified":"2021-03-15T17:14:10","modified_gmt":"2021-03-15T14:14:10","slug":"is-ve-strateji-gelistirme-en","status":"publish","type":"page","link":"https:\/\/luwi-co.com\/?page_id=2255&lang=en","title":{"rendered":"\u0130\u015f ve strateji geli\u015ftirme &#8211; en"},"content":{"rendered":"\t\t<div data-elementor-type=\"wp-page\" data-elementor-id=\"2255\" class=\"elementor elementor-2255\">\n\t\t\t\t\t\t<div class=\"elementor-inner\">\n\t\t\t\t<div class=\"elementor-section-wrap\">\n\t\t\t\t\t\t\t\t\t<section class=\"has_eae_slider elementor-section elementor-top-section elementor-element elementor-element-061e844 elementor-section-boxed elementor-section-height-default elementor-section-height-default\" data-id=\"061e844\" data-element_type=\"section\">\n\t\t\t\t\t\t<div class=\"elementor-container elementor-column-gap-default\">\n\t\t\t\t\t\t\t<div class=\"elementor-row\">\n\t\t\t\t\t<div class=\"has_eae_slider elementor-column elementor-col-100 elementor-top-column elementor-element elementor-element-6f16d62\" data-id=\"6f16d62\" data-element_type=\"column\">\n\t\t\t<div class=\"elementor-column-wrap elementor-element-populated\">\n\t\t\t\t\t\t\t<div class=\"elementor-widget-wrap\">\n\t\t\t\t\t\t<div class=\"elementor-element elementor-element-7ce41ba elementor-widget elementor-widget-text-editor\" data-id=\"7ce41ba\" data-element_type=\"widget\" data-widget_type=\"text-editor.default\">\n\t\t\t\t<div class=\"elementor-widget-container\">\n\t\t\t\t\t\t\t\t<div class=\"elementor-text-editor elementor-clearfix\">\n\t\t\t\t\t\t\t\t\t<\/div>\n\t\t\t\t\t\t<\/div>\n\t\t\t\t<\/div>\n\t\t\t\t\t\t<\/div>\n\t\t\t\t\t<\/div>\n\t\t<\/div>\n\t\t\t\t\t\t\t\t<\/div>\n\t\t\t\t\t<\/div>\n\t\t<\/section>\n\t\t\t\t<section class=\"has_eae_slider elementor-section elementor-top-section elementor-element elementor-element-50083b5 elementor-section-boxed elementor-section-height-default elementor-section-height-default\" data-id=\"50083b5\" data-element_type=\"section\">\n\t\t\t\t\t\t<div class=\"elementor-container elementor-column-gap-default\">\n\t\t\t\t\t\t\t<div class=\"elementor-row\">\n\t\t\t\t\t<div class=\"has_eae_slider elementor-column elementor-col-50 elementor-top-column elementor-element elementor-element-1f1af3d\" data-id=\"1f1af3d\" data-element_type=\"column\">\n\t\t\t<div class=\"elementor-column-wrap elementor-element-populated\">\n\t\t\t\t\t\t\t<div class=\"elementor-widget-wrap\">\n\t\t\t\t\t\t<div class=\"elementor-element elementor-element-a0f44d9 elementor-widget elementor-widget-image\" data-id=\"a0f44d9\" data-element_type=\"widget\" data-widget_type=\"image.default\">\n\t\t\t\t<div class=\"elementor-widget-container\">\n\t\t\t\t\t\t\t\t<div class=\"elementor-image\">\n\t\t\t\t\t\t\t\t\t\t\t\t<img decoding=\"async\" width=\"1024\" height=\"576\" src=\"https:\/\/luwi-co.com\/wp-content\/uploads\/2021\/01\/ig-1024x576.jpg\" class=\"attachment-large size-large\" alt=\"\" loading=\"lazy\" srcset=\"https:\/\/luwi-co.com\/wp-content\/uploads\/2021\/01\/ig-1024x576.jpg 1024w, https:\/\/luwi-co.com\/wp-content\/uploads\/2021\/01\/ig-300x169.jpg 300w, https:\/\/luwi-co.com\/wp-content\/uploads\/2021\/01\/ig-768x432.jpg 768w, https:\/\/luwi-co.com\/wp-content\/uploads\/2021\/01\/ig-1536x864.jpg 1536w, https:\/\/luwi-co.com\/wp-content\/uploads\/2021\/01\/ig-2048x1152.jpg 2048w, https:\/\/luwi-co.com\/wp-content\/uploads\/2021\/01\/ig-830x467.jpg 830w, https:\/\/luwi-co.com\/wp-content\/uploads\/2021\/01\/ig-230x129.jpg 230w, https:\/\/luwi-co.com\/wp-content\/uploads\/2021\/01\/ig-350x197.jpg 350w, https:\/\/luwi-co.com\/wp-content\/uploads\/2021\/01\/ig-480x270.jpg 480w\" sizes=\"(max-width: 1024px) 100vw, 1024px\" \/>\t\t\t\t\t\t\t\t\t\t\t\t\t\t<\/div>\n\t\t\t\t\t\t<\/div>\n\t\t\t\t<\/div>\n\t\t\t\t\t\t<\/div>\n\t\t\t\t\t<\/div>\n\t\t<\/div>\n\t\t\t\t<div class=\"has_eae_slider elementor-column elementor-col-50 elementor-top-column elementor-element elementor-element-a306362\" data-id=\"a306362\" data-element_type=\"column\">\n\t\t\t<div class=\"elementor-column-wrap elementor-element-populated\">\n\t\t\t\t\t\t\t<div class=\"elementor-widget-wrap\">\n\t\t\t\t\t\t<div class=\"elementor-element elementor-element-b10cdb4 elementor-widget elementor-widget-text-editor\" data-id=\"b10cdb4\" data-element_type=\"widget\" data-widget_type=\"text-editor.default\">\n\t\t\t\t<div class=\"elementor-widget-container\">\n\t\t\t\t\t\t\t\t<div class=\"elementor-text-editor elementor-clearfix\">\n\t\t\t\t<p><strong>BUSINESS AND STRATEGY DEVELOPMENT<\/strong><\/p><p>Presently, differentiation in competition conditions, new business models and transformation in technology and digitalization direct the companies to make fast and predictive decisions. On the other hand, rapidly changing trends in regulation and legislation \u00a0in the local \u00a0economy require the companies to proceed with sound strategies.<\/p><p>In recent years, strategical cooperation is accepted as an increasing trend to improve \u00a0the efficiency of companies in different areas, to upgrade and accelerate business processes and to take advantage of the opportunities emerging from synergy. In this context, Luwi Consulting offers services in areas such as structuring of cooperations, determination of frameworks, management of methods and outputs and also contributes to the preparation of the legal and financial infrastructures of these processes.<\/p>\t\t\t\t\t<\/div>\n\t\t\t\t\t\t<\/div>\n\t\t\t\t<\/div>\n\t\t\t\t\t\t<\/div>\n\t\t\t\t\t<\/div>\n\t\t<\/div>\n\t\t\t\t\t\t\t\t<\/div>\n\t\t\t\t\t<\/div>\n\t\t<\/section>\n\t\t\t\t\t\t\t\t\t<\/div>\n\t\t\t<\/div>\n\t\t\t\t\t<\/div>\n\t\t","protected":false},"excerpt":{"rendered":"<p>BUSINESS AND STRATEGY DEVELOPMENT Presently, differentiation in competition conditions, new business models and transformation in technology and digitalization direct the companies to make fast and predictive decisions. On the other hand, rapidly changing trends in regulation and legislation \u00a0in the local \u00a0economy require the companies to proceed with sound strategies. In recent years, strategical cooperation [&hellip;]<\/p>\n","protected":false},"author":1,"featured_media":0,"parent":0,"menu_order":0,"comment_status":"closed","ping_status":"closed","template":"page-templates\/page_front-page.php","meta":[],"_links":{"self":[{"href":"https:\/\/luwi-co.com\/index.php?rest_route=\/wp\/v2\/pages\/2255"}],"collection":[{"href":"https:\/\/luwi-co.com\/index.php?rest_route=\/wp\/v2\/pages"}],"about":[{"href":"https:\/\/luwi-co.com\/index.php?rest_route=\/wp\/v2\/types\/page"}],"author":[{"embeddable":true,"href":"https:\/\/luwi-co.com\/index.php?rest_route=\/wp\/v2\/users\/1"}],"replies":[{"embeddable":true,"href":"https:\/\/luwi-co.com\/index.php?rest_route=%2Fwp%2Fv2%2Fcomments&post=2255"}],"version-history":[{"count":10,"href":"https:\/\/luwi-co.com\/index.php?rest_route=\/wp\/v2\/pages\/2255\/revisions"}],"predecessor-version":[{"id":2469,"href":"https:\/\/luwi-co.com\/index.php?rest_route=\/wp\/v2\/pages\/2255\/revisions\/2469"}],"wp:attachment":[{"href":"https:\/\/luwi-co.com\/index.php?rest_route=%2Fwp%2Fv2%2Fmedia&parent=2255"}],"curies":[{"name":"wp","href":"https:\/\/api.w.org\/{rel}","templated":true}]}}