{"id":2252,"date":"2021-02-23T14:55:50","date_gmt":"2021-02-23T11:55:50","guid":{"rendered":"http:\/\/luwi-co.com\/?page_id=2252"},"modified":"2021-03-15T17:03:42","modified_gmt":"2021-03-15T14:03:42","slug":"is-ve-sosyal-guvenlik-hukuku-en","status":"publish","type":"page","link":"https:\/\/luwi-co.com\/?page_id=2252&lang=en","title":{"rendered":"\u0130\u015f ve Sosyal G\u00fcvenlik Hukuku-en"},"content":{"rendered":"\t\t<div data-elementor-type=\"wp-page\" data-elementor-id=\"2252\" class=\"elementor elementor-2252\">\n\t\t\t\t\t\t<div class=\"elementor-inner\">\n\t\t\t\t<div class=\"elementor-section-wrap\">\n\t\t\t\t\t\t\t\t\t<section class=\"has_eae_slider elementor-section elementor-top-section elementor-element elementor-element-16513a9 elementor-section-boxed elementor-section-height-default elementor-section-height-default\" data-id=\"16513a9\" data-element_type=\"section\">\n\t\t\t\t\t\t<div class=\"elementor-container elementor-column-gap-default\">\n\t\t\t\t\t\t\t<div class=\"elementor-row\">\n\t\t\t\t\t\t\t\t\t<\/div>\n\t\t\t\t\t<\/div>\n\t\t<\/section>\n\t\t\t\t<section class=\"has_eae_slider elementor-section elementor-top-section elementor-element elementor-element-1676a3c elementor-section-boxed elementor-section-height-default elementor-section-height-default\" data-id=\"1676a3c\" data-element_type=\"section\">\n\t\t\t\t\t\t<div class=\"elementor-container elementor-column-gap-default\">\n\t\t\t\t\t\t\t<div class=\"elementor-row\">\n\t\t\t\t\t<div class=\"has_eae_slider elementor-column elementor-col-100 elementor-top-column elementor-element elementor-element-803fd2c\" data-id=\"803fd2c\" data-element_type=\"column\">\n\t\t\t<div class=\"elementor-column-wrap elementor-element-populated\">\n\t\t\t\t\t\t\t<div class=\"elementor-widget-wrap\">\n\t\t\t\t\t\t<div class=\"elementor-element elementor-element-45ec512 elementor-widget elementor-widget-text-editor\" data-id=\"45ec512\" data-element_type=\"widget\" data-widget_type=\"text-editor.default\">\n\t\t\t\t<div class=\"elementor-widget-container\">\n\t\t\t\t\t\t\t\t<div class=\"elementor-text-editor elementor-clearfix\">\n\t\t\t\t\t\t\t\t\t<\/div>\n\t\t\t\t\t\t<\/div>\n\t\t\t\t<\/div>\n\t\t\t\t\t\t<\/div>\n\t\t\t\t\t<\/div>\n\t\t<\/div>\n\t\t\t\t\t\t\t\t<\/div>\n\t\t\t\t\t<\/div>\n\t\t<\/section>\n\t\t\t\t<section class=\"has_eae_slider elementor-section elementor-top-section elementor-element elementor-element-7269bdf elementor-section-boxed elementor-section-height-default elementor-section-height-default\" data-id=\"7269bdf\" data-element_type=\"section\">\n\t\t\t\t\t\t<div class=\"elementor-container elementor-column-gap-default\">\n\t\t\t\t\t\t\t<div class=\"elementor-row\">\n\t\t\t\t\t<div class=\"has_eae_slider elementor-column elementor-col-100 elementor-top-column elementor-element elementor-element-08d1440\" data-id=\"08d1440\" data-element_type=\"column\">\n\t\t\t<div class=\"elementor-column-wrap elementor-element-populated\">\n\t\t\t\t\t\t\t<div class=\"elementor-widget-wrap\">\n\t\t\t\t\t\t<div class=\"elementor-element elementor-element-f1a971c elementor-widget elementor-widget-image\" data-id=\"f1a971c\" data-element_type=\"widget\" data-widget_type=\"image.default\">\n\t\t\t\t<div class=\"elementor-widget-container\">\n\t\t\t\t\t\t\t\t<div class=\"elementor-image\">\n\t\t\t\t\t\t\t\t\t\t\t\t<img decoding=\"async\" width=\"1024\" height=\"683\" src=\"https:\/\/luwi-co.com\/wp-content\/uploads\/2021\/01\/isgh1-1-1024x683.jpg\" class=\"attachment-large size-large\" alt=\"\" loading=\"lazy\" srcset=\"https:\/\/luwi-co.com\/wp-content\/uploads\/2021\/01\/isgh1-1-1024x683.jpg 1024w, https:\/\/luwi-co.com\/wp-content\/uploads\/2021\/01\/isgh1-1-300x200.jpg 300w, https:\/\/luwi-co.com\/wp-content\/uploads\/2021\/01\/isgh1-1-768x512.jpg 768w, https:\/\/luwi-co.com\/wp-content\/uploads\/2021\/01\/isgh1-1-1536x1024.jpg 1536w, https:\/\/luwi-co.com\/wp-content\/uploads\/2021\/01\/isgh1-1-2048x1365.jpg 2048w, https:\/\/luwi-co.com\/wp-content\/uploads\/2021\/01\/isgh1-1-830x553.jpg 830w, https:\/\/luwi-co.com\/wp-content\/uploads\/2021\/01\/isgh1-1-230x153.jpg 230w, https:\/\/luwi-co.com\/wp-content\/uploads\/2021\/01\/isgh1-1-350x233.jpg 350w, https:\/\/luwi-co.com\/wp-content\/uploads\/2021\/01\/isgh1-1-480x320.jpg 480w\" sizes=\"(max-width: 1024px) 100vw, 1024px\" \/>\t\t\t\t\t\t\t\t\t\t\t\t\t\t<\/div>\n\t\t\t\t\t\t<\/div>\n\t\t\t\t<\/div>\n\t\t\t\t\t\t<\/div>\n\t\t\t\t\t<\/div>\n\t\t<\/div>\n\t\t\t\t<div class=\"has_eae_slider elementor-column elementor-col-100 elementor-top-column elementor-element elementor-element-8697eea\" data-id=\"8697eea\" data-element_type=\"column\">\n\t\t\t<div class=\"elementor-column-wrap elementor-element-populated\">\n\t\t\t\t\t\t\t<div class=\"elementor-widget-wrap\">\n\t\t\t\t\t\t<div class=\"elementor-element elementor-element-8be0a44 elementor-widget elementor-widget-text-editor\" data-id=\"8be0a44\" data-element_type=\"widget\" data-widget_type=\"text-editor.default\">\n\t\t\t\t<div class=\"elementor-widget-container\">\n\t\t\t\t\t\t\t\t<div class=\"elementor-text-editor elementor-clearfix\">\n\t\t\t\t<p><strong>LABOUR AND SOCIAL SECURITY LAW<\/strong><\/p><p>By working in a continuous cooperation with human resources departments, Luwi Consulting makes sure that procedures from the beginning to the end of employment are carried out in accordance with the legal regulations. When required, it supports redrafting of client applications for compliance with the regulation.<\/p><p><span style=\"background-color: transparent; color: #020a20; font-family: Symbol; letter-spacing: 0.266667px; text-indent: -24px;\">\u00b7<\/span><span style=\"background-color: transparent; color: #020a20; font-variant-numeric: normal; font-variant-east-asian: normal; font-stretch: normal; font-size: 7pt; line-height: normal; font-family: 'Times New Roman'; letter-spacing: 0.266667px; text-indent: -24px;\">\u00a0 \u00a0 \u00a0 \u00a0 <\/span>Preparing labour contract drafts<br \/><span style=\"color: #020a20; font-family: Symbol; letter-spacing: 0.266667px; text-indent: -24px;\">\u00b7<\/span><span style=\"color: #020a20; font-variant-numeric: normal; font-variant-east-asian: normal; font-stretch: normal; font-size: 7pt; line-height: normal; font-family: 'Times New Roman'; letter-spacing: 0.266667px; text-indent: -24px;\">\u00a0 \u00a0 \u00a0 \u00a0 <\/span>Resolving the Cancellation of contracts or dismissal related problems through mutual agreements or litigation on criminal and civil liabilities with regards to occupational accidents and diseases.<br \/><span style=\"color: #020a20; font-family: Symbol; letter-spacing: 0.266667px; text-indent: -24px;\">\u00b7<\/span><span style=\"color: #020a20; font-variant-numeric: normal; font-variant-east-asian: normal; font-stretch: normal; font-size: 7pt; line-height: normal; font-family: 'Times New Roman'; letter-spacing: 0.266667px; text-indent: -24px;\">\u00a0 \u00a0 \u00a0 \u00a0 <\/span>Trainings on labour law, Social Security Law and legal liabilities with regards to unemployment insurance<\/p>\t\t\t\t\t<\/div>\n\t\t\t\t\t\t<\/div>\n\t\t\t\t<\/div>\n\t\t\t\t\t\t<\/div>\n\t\t\t\t\t<\/div>\n\t\t<\/div>\n\t\t\t\t\t\t\t\t<\/div>\n\t\t\t\t\t<\/div>\n\t\t<\/section>\n\t\t\t\t\t\t\t\t\t<\/div>\n\t\t\t<\/div>\n\t\t\t\t\t<\/div>\n\t\t","protected":false},"excerpt":{"rendered":"<p>LABOUR AND SOCIAL SECURITY LAW By working in a continuous cooperation with human resources departments, Luwi Consulting makes sure that procedures from the beginning to the end of employment are carried out in accordance with the legal regulations. When required, it supports redrafting of client applications for compliance with the regulation. \u00b7\u00a0 \u00a0 \u00a0 \u00a0 [&hellip;]<\/p>\n","protected":false},"author":1,"featured_media":0,"parent":0,"menu_order":0,"comment_status":"closed","ping_status":"closed","template":"page-templates\/page_front-page.php","meta":[],"_links":{"self":[{"href":"https:\/\/luwi-co.com\/index.php?rest_route=\/wp\/v2\/pages\/2252"}],"collection":[{"href":"https:\/\/luwi-co.com\/index.php?rest_route=\/wp\/v2\/pages"}],"about":[{"href":"https:\/\/luwi-co.com\/index.php?rest_route=\/wp\/v2\/types\/page"}],"author":[{"embeddable":true,"href":"https:\/\/luwi-co.com\/index.php?rest_route=\/wp\/v2\/users\/1"}],"replies":[{"embeddable":true,"href":"https:\/\/luwi-co.com\/index.php?rest_route=%2Fwp%2Fv2%2Fcomments&post=2252"}],"version-history":[{"count":10,"href":"https:\/\/luwi-co.com\/index.php?rest_route=\/wp\/v2\/pages\/2252\/revisions"}],"predecessor-version":[{"id":2451,"href":"https:\/\/luwi-co.com\/index.php?rest_route=\/wp\/v2\/pages\/2252\/revisions\/2451"}],"wp:attachment":[{"href":"https:\/\/luwi-co.com\/index.php?rest_route=%2Fwp%2Fv2%2Fmedia&parent=2252"}],"curies":[{"name":"wp","href":"https:\/\/api.w.org\/{rel}","templated":true}]}}