{"id":2232,"date":"2021-02-22T22:29:37","date_gmt":"2021-02-22T19:29:37","guid":{"rendered":"http:\/\/luwi-co.com\/?page_id=2232"},"modified":"2021-03-08T14:36:15","modified_gmt":"2021-03-08T11:36:15","slug":"gunes-enerjisi-sistemleri-tr","status":"publish","type":"page","link":"https:\/\/luwi-co.com\/?page_id=2232","title":{"rendered":"G\u00fcne\u015f Enerjisi Sistemleri tr"},"content":{"rendered":"\t\t<div data-elementor-type=\"wp-page\" data-elementor-id=\"2232\" class=\"elementor elementor-2232\">\n\t\t\t\t\t\t<div class=\"elementor-inner\">\n\t\t\t\t<div class=\"elementor-section-wrap\">\n\t\t\t\t\t\t\t\t\t<section class=\"has_eae_slider elementor-section elementor-top-section elementor-element elementor-element-b0c6b36 elementor-section-boxed elementor-section-height-default elementor-section-height-default\" data-id=\"b0c6b36\" data-element_type=\"section\">\n\t\t\t\t\t\t<div class=\"elementor-container elementor-column-gap-default\">\n\t\t\t\t\t\t\t<div class=\"elementor-row\">\n\t\t\t\t\t<div class=\"has_eae_slider elementor-column elementor-col-50 elementor-top-column elementor-element elementor-element-37d624c\" data-id=\"37d624c\" data-element_type=\"column\">\n\t\t\t<div class=\"elementor-column-wrap elementor-element-populated\">\n\t\t\t\t\t\t\t<div class=\"elementor-widget-wrap\">\n\t\t\t\t\t\t<div class=\"elementor-element elementor-element-48b04a2 elementor-widget elementor-widget-image\" data-id=\"48b04a2\" data-element_type=\"widget\" data-widget_type=\"image.default\">\n\t\t\t\t<div class=\"elementor-widget-container\">\n\t\t\t\t\t\t\t\t<div class=\"elementor-image\">\n\t\t\t\t\t\t\t\t\t\t\t\t<img decoding=\"async\" width=\"300\" height=\"168\" src=\"https:\/\/luwi-co.com\/wp-content\/uploads\/2021\/02\/ges-300x168.jpg\" class=\"attachment-medium size-medium\" alt=\"\" loading=\"lazy\" srcset=\"https:\/\/luwi-co.com\/wp-content\/uploads\/2021\/02\/ges-300x168.jpg 300w, https:\/\/luwi-co.com\/wp-content\/uploads\/2021\/02\/ges-230x128.jpg 230w, https:\/\/luwi-co.com\/wp-content\/uploads\/2021\/02\/ges.jpg 308w\" sizes=\"(max-width: 300px) 100vw, 300px\" \/>\t\t\t\t\t\t\t\t\t\t\t\t\t\t<\/div>\n\t\t\t\t\t\t<\/div>\n\t\t\t\t<\/div>\n\t\t\t\t\t\t<\/div>\n\t\t\t\t\t<\/div>\n\t\t<\/div>\n\t\t\t\t<div class=\"has_eae_slider elementor-column elementor-col-50 elementor-top-column elementor-element elementor-element-fb9e146\" data-id=\"fb9e146\" data-element_type=\"column\">\n\t\t\t<div class=\"elementor-column-wrap elementor-element-populated\">\n\t\t\t\t\t\t\t<div class=\"elementor-widget-wrap\">\n\t\t\t\t\t\t<div class=\"elementor-element elementor-element-84c5909 elementor-widget elementor-widget-text-editor\" data-id=\"84c5909\" data-element_type=\"widget\" data-widget_type=\"text-editor.default\">\n\t\t\t\t<div class=\"elementor-widget-container\">\n\t\t\t\t\t\t\t\t<div class=\"elementor-text-editor elementor-clearfix\">\n\t\t\t\t<p><strong>G\u00dcNE\u015e ENERJ\u0130S\u0130 S\u0130STEMLER\u0130 (GES)<\/strong><\/p><p>En \u00f6nemli, s\u0131n\u0131rs\u0131z ve garantili bir yenilenebilir enerji kayna\u011f\u0131 olan g\u00fcne\u015ften, fotovoltaik g\u00fcne\u015f panelleriyle elde edilen elektrik enerjisi; do\u011fal, temiz, sessiz bir enerji kayna\u011f\u0131d\u0131r. Luwi Dan\u0131\u015fmanl\u0131k, sekt\u00f6rde tecr\u00fcbeli \u00e7\u00f6z\u00fcm ortaklar\u0131yla birlikte her b\u00fcy\u00fckl\u00fckteki GES ihtiya\u00e7lar\u0131 ve yat\u0131r\u0131mlar\u0131n\u0131z i\u00e7in \u00fcretim hatt\u0131 da dahil olmak \u00fczere tedarik ve kurulum hizmeti veriyor.<\/p>\t\t\t\t\t<\/div>\n\t\t\t\t\t\t<\/div>\n\t\t\t\t<\/div>\n\t\t\t\t\t\t<\/div>\n\t\t\t\t\t<\/div>\n\t\t<\/div>\n\t\t\t\t\t\t\t\t<\/div>\n\t\t\t\t\t<\/div>\n\t\t<\/section>\n\t\t\t\t\t\t\t\t\t<\/div>\n\t\t\t<\/div>\n\t\t\t\t\t<\/div>\n\t\t","protected":false},"excerpt":{"rendered":"<p>G\u00dcNE\u015e ENERJ\u0130S\u0130 S\u0130STEMLER\u0130 (GES) En \u00f6nemli, s\u0131n\u0131rs\u0131z ve garantili bir yenilenebilir enerji kayna\u011f\u0131 olan g\u00fcne\u015ften, fotovoltaik g\u00fcne\u015f panelleriyle elde edilen elektrik enerjisi; do\u011fal, temiz, sessiz bir enerji kayna\u011f\u0131d\u0131r. Luwi Dan\u0131\u015fmanl\u0131k, sekt\u00f6rde tecr\u00fcbeli \u00e7\u00f6z\u00fcm ortaklar\u0131yla birlikte her b\u00fcy\u00fckl\u00fckteki GES ihtiya\u00e7lar\u0131 ve yat\u0131r\u0131mlar\u0131n\u0131z i\u00e7in \u00fcretim hatt\u0131 da dahil olmak \u00fczere tedarik ve kurulum hizmeti veriyor.<\/p>\n","protected":false},"author":1,"featured_media":0,"parent":0,"menu_order":0,"comment_status":"closed","ping_status":"closed","template":"page-templates\/page_front-page.php","meta":[],"_links":{"self":[{"href":"https:\/\/luwi-co.com\/index.php?rest_route=\/wp\/v2\/pages\/2232"}],"collection":[{"href":"https:\/\/luwi-co.com\/index.php?rest_route=\/wp\/v2\/pages"}],"about":[{"href":"https:\/\/luwi-co.com\/index.php?rest_route=\/wp\/v2\/types\/page"}],"author":[{"embeddable":true,"href":"https:\/\/luwi-co.com\/index.php?rest_route=\/wp\/v2\/users\/1"}],"replies":[{"embeddable":true,"href":"https:\/\/luwi-co.com\/index.php?rest_route=%2Fwp%2Fv2%2Fcomments&post=2232"}],"version-history":[{"count":7,"href":"https:\/\/luwi-co.com\/index.php?rest_route=\/wp\/v2\/pages\/2232\/revisions"}],"predecessor-version":[{"id":2373,"href":"https:\/\/luwi-co.com\/index.php?rest_route=\/wp\/v2\/pages\/2232\/revisions\/2373"}],"wp:attachment":[{"href":"https:\/\/luwi-co.com\/index.php?rest_route=%2Fwp%2Fv2%2Fmedia&parent=2232"}],"curies":[{"name":"wp","href":"https:\/\/api.w.org\/{rel}","templated":true}]}}