{"id":1780,"date":"2021-01-24T01:58:42","date_gmt":"2021-01-23T22:58:42","guid":{"rendered":"http:\/\/luwi-co.com\/?page_id=1780"},"modified":"2021-03-16T01:18:44","modified_gmt":"2021-03-15T22:18:44","slug":"ydn","status":"publish","type":"page","link":"https:\/\/luwi-co.com\/?page_id=1780","title":{"rendered":"Y\u00f6netim Dan\u0131\u015fmanl\u0131\u011f\u0131"},"content":{"rendered":"\t\t<div data-elementor-type=\"wp-page\" data-elementor-id=\"1780\" class=\"elementor elementor-1780\">\n\t\t\t\t\t\t<div class=\"elementor-inner\">\n\t\t\t\t<div class=\"elementor-section-wrap\">\n\t\t\t\t\t\t\t\t\t<section class=\"has_eae_slider elementor-section elementor-top-section elementor-element elementor-element-c34dbdd elementor-section-boxed elementor-section-height-default elementor-section-height-default\" data-id=\"c34dbdd\" data-element_type=\"section\">\n\t\t\t\t\t\t<div class=\"elementor-container elementor-column-gap-default\">\n\t\t\t\t\t\t\t<div class=\"elementor-row\">\n\t\t\t\t\t<div class=\"has_eae_slider elementor-column elementor-col-100 elementor-top-column elementor-element elementor-element-3008be4\" data-id=\"3008be4\" data-element_type=\"column\">\n\t\t\t<div class=\"elementor-column-wrap elementor-element-populated\">\n\t\t\t\t\t\t\t<div class=\"elementor-widget-wrap\">\n\t\t\t\t\t\t<div class=\"elementor-element elementor-element-fa9c8d1 elementor-widget elementor-widget-image\" data-id=\"fa9c8d1\" data-element_type=\"widget\" data-widget_type=\"image.default\">\n\t\t\t\t<div class=\"elementor-widget-container\">\n\t\t\t\t\t\t\t\t<div class=\"elementor-image\">\n\t\t\t\t\t\t\t\t\t\t\t\t<img decoding=\"async\" width=\"1313\" height=\"756\" src=\"https:\/\/luwi-co.com\/wp-content\/uploads\/2021\/01\/yd.jpg\" class=\"attachment-1536x1536 size-1536x1536\" alt=\"\" loading=\"lazy\" srcset=\"https:\/\/luwi-co.com\/wp-content\/uploads\/2021\/01\/yd.jpg 1313w, https:\/\/luwi-co.com\/wp-content\/uploads\/2021\/01\/yd-300x173.jpg 300w, https:\/\/luwi-co.com\/wp-content\/uploads\/2021\/01\/yd-1024x590.jpg 1024w, https:\/\/luwi-co.com\/wp-content\/uploads\/2021\/01\/yd-768x442.jpg 768w, https:\/\/luwi-co.com\/wp-content\/uploads\/2021\/01\/yd-830x478.jpg 830w, https:\/\/luwi-co.com\/wp-content\/uploads\/2021\/01\/yd-230x132.jpg 230w, https:\/\/luwi-co.com\/wp-content\/uploads\/2021\/01\/yd-350x202.jpg 350w, https:\/\/luwi-co.com\/wp-content\/uploads\/2021\/01\/yd-480x276.jpg 480w\" sizes=\"(max-width: 1313px) 100vw, 1313px\" \/>\t\t\t\t\t\t\t\t\t\t\t\t\t\t<\/div>\n\t\t\t\t\t\t<\/div>\n\t\t\t\t<\/div>\n\t\t\t\t\t\t<\/div>\n\t\t\t\t\t<\/div>\n\t\t<\/div>\n\t\t\t\t\t\t\t\t<\/div>\n\t\t\t\t\t<\/div>\n\t\t<\/section>\n\t\t\t\t<section class=\"has_eae_slider elementor-section elementor-top-section elementor-element elementor-element-6877050 elementor-section-boxed elementor-section-height-default elementor-section-height-default\" data-id=\"6877050\" data-element_type=\"section\">\n\t\t\t\t\t\t<div class=\"elementor-container elementor-column-gap-default\">\n\t\t\t\t\t\t\t<div class=\"elementor-row\">\n\t\t\t\t\t<div class=\"has_eae_slider elementor-column elementor-col-100 elementor-top-column elementor-element elementor-element-efffa9b\" data-id=\"efffa9b\" data-element_type=\"column\">\n\t\t\t<div class=\"elementor-column-wrap elementor-element-populated\">\n\t\t\t\t\t\t\t<div class=\"elementor-widget-wrap\">\n\t\t\t\t\t\t<div class=\"elementor-element elementor-element-0a7fd68 elementor-widget elementor-widget-text-editor\" data-id=\"0a7fd68\" data-element_type=\"widget\" data-widget_type=\"text-editor.default\">\n\t\t\t\t<div class=\"elementor-widget-container\">\n\t\t\t\t\t\t\t\t<div class=\"elementor-text-editor elementor-clearfix\">\n\t\t\t\t<p><span style=\"font-weight: bold;\">Y\u00d6NET\u0130M DANI\u015eMANLI\u011eI<\/span><\/p><p>Y\u00f6netim Dan\u0131\u015fmanl\u0131\u011f\u0131, \u015firketlerin ve organizasyonlar\u0131n\u0131n kar\u015f\u0131la\u015ft\u0131klar\u0131 pratik sorunlar\u0131 analiz etmelerine, \u00e7\u00f6z\u00fcme kavu\u015fturmalar\u0131na, organizasyonun performans\u0131n\u0131 artt\u0131rmalar\u0131na, di\u011fer y\u00f6neticilerin ve organizasyonlar\u0131n deneyimlerinden katk\u0131 almalar\u0131na, yeni i\u015f f\u0131rsatlar\u0131n\u0131 kullanmalar\u0131na yard\u0131mc\u0131 olan profesyonel bir hizmettir. Y\u00f6netim dan\u0131\u015fmanl\u0131\u011f\u0131 ayn\u0131 zamanda di\u011fer mesleklerle de yak\u0131n etkile\u015fim i\u00e7indedir.<\/p><p>Luwi Dan\u0131\u015fmanl\u0131k olarak bizler, farkl\u0131 sekt\u00f6rlerde \u00e7ok uzun y\u0131llara dayanan deneyimleri, \u015firketlerin ger\u00e7ek kimliklerini ke\u015ffetme ve bunu i\u015fleyen sistemlerin merkezi haline getirebilmek \u00fczere de\u011ferlendiriyor, e\u015fg\u00fcd\u00fcml\u00fc bir \u00e7al\u0131\u015fma anlay\u0131\u015f\u0131yla s\u00fcrd\u00fcr\u00fclebilir ba\u015far\u0131ya zemin haz\u0131rl\u0131yoruz.<\/p><p>A\u015fa\u011f\u0131da s\u0131ralad\u0131\u011f\u0131m\u0131z ba\u015fl\u0131klar alt\u0131nda h\u0131zl\u0131 ve etkin bir s\u00fcre\u00e7 y\u00f6netimini m\u00fc\u015fterilerimiz i\u00e7in ama\u00e7 ediniyoruz:<\/p><p><span style=\"font-family: Symbol; text-indent: -18pt; background-color: transparent;\">\u00b7<span style=\"text-indent: -18pt; background-color: transparent; font-variant-numeric: normal; font-variant-east-asian: normal; font-stretch: normal; font-size: 7pt; line-height: normal;\">\u00a0 \u00a0 \u00a0\u00a0<\/span><\/span><a href=\"http:\/\/luwi-co.com\/skt\/\">Sa\u011fl\u0131kta Kalite<\/a><br \/><span style=\"font-family: Symbol; text-indent: -18pt; background-color: transparent;\">\u00b7<span style=\"text-indent: -18pt; background-color: transparent; font-variant-numeric: normal; font-variant-east-asian: normal; font-stretch: normal; font-size: 7pt; line-height: normal;\">\u00a0 \u00a0 \u00a0\u00a0<\/span><\/span><a href=\"http:\/\/luwi-co.com\/ov\/\">Operasyonel Verimlilik<\/a><br \/><span style=\"background-color: transparent; font-family: Symbol; text-indent: -18pt;\">\u00b7<span style=\"text-indent: -18pt; background-color: transparent; font-variant-numeric: normal; font-variant-east-asian: normal; font-stretch: normal; font-size: 7pt; line-height: normal;\">\u00a0 \u00a0 \u00a0\u00a0<\/span><\/span><a href=\"http:\/\/luwi-co.com\/ik\/\">\u0130nsan Kaynaklar\u0131 Y\u00f6netimi<\/a><br \/><span style=\"background-color: transparent; font-family: Symbol; text-indent: -18pt;\">\u00b7<span style=\"text-indent: -18pt; background-color: transparent; font-variant-numeric: normal; font-variant-east-asian: normal; font-stretch: normal; font-size: 7pt; line-height: normal;\">\u00a0 \u00a0 \u00a0\u00a0<\/span><\/span><a href=\"http:\/\/luwi-co.com\/kr\/\">Kurumsal Risk Y\u00f6netim<\/a><\/p>\t\t\t\t\t<\/div>\n\t\t\t\t\t\t<\/div>\n\t\t\t\t<\/div>\n\t\t\t\t\t\t<\/div>\n\t\t\t\t\t<\/div>\n\t\t<\/div>\n\t\t\t\t\t\t\t\t<\/div>\n\t\t\t\t\t<\/div>\n\t\t<\/section>\n\t\t\t\t\t\t\t\t\t<\/div>\n\t\t\t<\/div>\n\t\t\t\t\t<\/div>\n\t\t","protected":false},"excerpt":{"rendered":"<p>Y\u00d6NET\u0130M DANI\u015eMANLI\u011eI Y\u00f6netim Dan\u0131\u015fmanl\u0131\u011f\u0131, \u015firketlerin ve organizasyonlar\u0131n\u0131n kar\u015f\u0131la\u015ft\u0131klar\u0131 pratik sorunlar\u0131 analiz etmelerine, \u00e7\u00f6z\u00fcme kavu\u015fturmalar\u0131na, organizasyonun performans\u0131n\u0131 artt\u0131rmalar\u0131na, di\u011fer y\u00f6neticilerin ve organizasyonlar\u0131n deneyimlerinden katk\u0131 almalar\u0131na, yeni i\u015f f\u0131rsatlar\u0131n\u0131 kullanmalar\u0131na yard\u0131mc\u0131 olan profesyonel bir hizmettir. Y\u00f6netim dan\u0131\u015fmanl\u0131\u011f\u0131 ayn\u0131 zamanda di\u011fer mesleklerle de yak\u0131n etkile\u015fim i\u00e7indedir. Luwi Dan\u0131\u015fmanl\u0131k olarak bizler, farkl\u0131 sekt\u00f6rlerde \u00e7ok uzun y\u0131llara dayanan deneyimleri, \u015firketlerin [&hellip;]<\/p>\n","protected":false},"author":1,"featured_media":0,"parent":0,"menu_order":0,"comment_status":"closed","ping_status":"closed","template":"page-templates\/page_front-page.php","meta":[],"_links":{"self":[{"href":"https:\/\/luwi-co.com\/index.php?rest_route=\/wp\/v2\/pages\/1780"}],"collection":[{"href":"https:\/\/luwi-co.com\/index.php?rest_route=\/wp\/v2\/pages"}],"about":[{"href":"https:\/\/luwi-co.com\/index.php?rest_route=\/wp\/v2\/types\/page"}],"author":[{"embeddable":true,"href":"https:\/\/luwi-co.com\/index.php?rest_route=\/wp\/v2\/users\/1"}],"replies":[{"embeddable":true,"href":"https:\/\/luwi-co.com\/index.php?rest_route=%2Fwp%2Fv2%2Fcomments&post=1780"}],"version-history":[{"count":24,"href":"https:\/\/luwi-co.com\/index.php?rest_route=\/wp\/v2\/pages\/1780\/revisions"}],"predecessor-version":[{"id":2489,"href":"https:\/\/luwi-co.com\/index.php?rest_route=\/wp\/v2\/pages\/1780\/revisions\/2489"}],"wp:attachment":[{"href":"https:\/\/luwi-co.com\/index.php?rest_route=%2Fwp%2Fv2%2Fmedia&parent=1780"}],"curies":[{"name":"wp","href":"https:\/\/api.w.org\/{rel}","templated":true}]}}